{"id":3058,"date":"2024-12-03T01:16:01","date_gmt":"2024-12-03T01:16:01","guid":{"rendered":"https:\/\/dev.btisolatsioon.ee\/blogi\/"},"modified":"2025-03-07T05:57:32","modified_gmt":"2025-03-07T05:57:32","slug":"blogi","status":"publish","type":"page","link":"https:\/\/dev.btisolatsioon.ee\/fi\/blogi\/","title":{"rendered":"Blogi"},"content":{"rendered":"\t\t<div data-elementor-type=\"wp-page\" data-elementor-id=\"3058\" class=\"elementor elementor-3058 elementor-1113\">\n\t\t\t\t<div class=\"elementor-element elementor-element-4255a1f e-flex e-con-boxed e-con e-parent\" data-id=\"4255a1f\" data-element_type=\"container\" data-settings=\"{&quot;jet_parallax_layout_list&quot;:[]}\">\n\t\t\t\t\t<div class=\"e-con-inner\">\n\t\t\t\t<div class=\"elementor-element elementor-element-0d881d9 elementor-widget elementor-widget-heading\" data-id=\"0d881d9\" data-element_type=\"widget\" data-widget_type=\"heading.default\">\n\t\t\t\t<div class=\"elementor-widget-container\">\n\t\t\t\t\t<h1 class=\"elementor-heading-title elementor-size-default\">Blogi<\/h1>\t\t\t\t<\/div>\n\t\t\t\t<\/div>\n\t\t\t\t<div class=\"elementor-element elementor-element-c864ed8 raven-advaned-posts-equal-height-yes raven-hover-grayscale elementor-widget elementor-widget-raven-advanced-posts\" data-id=\"c864ed8\" data-element_type=\"widget\" data-settings=\"{&quot;columns&quot;:&quot;2&quot;,&quot;featured_image_hover&quot;:&quot;grayscale&quot;,&quot;load_effect&quot;:&quot;slide-left&quot;,&quot;query_posts_per_page&quot;:-1,&quot;general_layout&quot;:&quot;grid&quot;,&quot;columns_tablet&quot;:&quot;2&quot;,&quot;columns_mobile&quot;:&quot;1&quot;,&quot;query_offset&quot;:0}\" data-widget_type=\"raven-advanced-posts.default\">\n\t\t\t\t<div class=\"elementor-widget-container\">\n\t\t\t\t\t\t\t<div class=\"raven-posts raven-posts-grid\">\n\t\t\t\t\t\t<div class=\"advanced-posts-content content-layout-under-image raven-grid raven-grid-2 raven-grid-mobile-1 raven-grid-tablet-2 grayscale \" data-post-id=\"3058\" data-archive-query=\"\">\n\t\t\t\t<div class=\"raven-posts-item raven-grid-item  \"><div class=\"raven-post-wrapper raven-posts-load-effect raven-post-effect-slide-left\"><div class=\"raven-post  \"><div class=\"raven-post-image-wrap\"><a class=\"raven-post-image raven-image-fit\" href=\"https:\/\/dev.btisolatsioon.ee\/fi\/ilmanvaihdon-eristys\/\"> <img fetchpriority=\"high\" decoding=\"async\" width=\"1000\" height=\"500\" src=\"https:\/\/dev.btisolatsioon.ee\/wp-content\/uploads\/2024\/12\/Ventilatsiooni-isolatsioon.webp\" class=\"attachment-large size-large wp-image-2624\" alt=\"\" srcset=\"https:\/\/dev.btisolatsioon.ee\/wp-content\/uploads\/2024\/12\/Ventilatsiooni-isolatsioon.webp 1000w, https:\/\/dev.btisolatsioon.ee\/wp-content\/uploads\/2024\/12\/Ventilatsiooni-isolatsioon-300x150.webp 300w, https:\/\/dev.btisolatsioon.ee\/wp-content\/uploads\/2024\/12\/Ventilatsiooni-isolatsioon-768x384.webp 768w\" sizes=\"(max-width: 1000px) 100vw, 1000px\" \/><span class=\"raven-post-image-overlay\"><\/span><\/a><\/div><div class=\"raven-post-content-container\"><div class=\"raven-post-content\"><div class=\"raven-post-meta\"><span class=\"raven-post-meta-item raven-post-categories\"><a href=\"https:\/\/dev.btisolatsioon.ee\/fi\/category\/eristys-fi\/\" rel=\"tag\">Eristys<\/a><\/span>\n<span class=\"raven-post-meta-divider\">\/<\/span>\n<span class=\"raven-post-meta-item raven-post-reading-time\"> 2 minutes<\/span><\/div><h3 class=\"raven-post-title\"><a class=\"raven-post-title-link\" href=\"https:\/\/dev.btisolatsioon.ee\/fi\/ilmanvaihdon-eristys\/\">Ilmanvaihdon eristys<\/a><\/h3><div class=\"raven-post-excerpt\">Ilmanvaihdon eristys \u2013 Miksi se on t\u00e4rke\u00e4\u00e4 terveydellesi ja rakennuksen tehokkuudelle? Ilmanvaihtoj\u00e4rjestelm\u00e4 on olennainen osa jokaista rakennusta, sill\u00e4<\/div><\/div><div class=\"raven-post-author-spotlight\"><a href=\"https:\/\/dev.btisolatsioon.ee\/fi\/author\/indrek\/\"><img decoding=\"async\" src=\"https:\/\/secure.gravatar.com\/avatar\/5f3bec9923e6a906be629de0eb38103e1ba8a6e76120bf4bf467134c4a1db4a3?s=256&amp;d=mm&amp;r=g\" title=\"Indrek\" alt=\"Indrek\">By Indrek<\/a><\/div><\/div><\/div><\/div><\/div><div class=\"raven-posts-item raven-grid-item  \"><div class=\"raven-post-wrapper raven-posts-load-effect raven-post-effect-slide-left\"><div class=\"raven-post  \"><div class=\"raven-post-image-wrap\"><a class=\"raven-post-image raven-image-fit\" href=\"https:\/\/dev.btisolatsioon.ee\/fi\/aanieristys\/\"> <img decoding=\"async\" width=\"1000\" height=\"500\" src=\"https:\/\/dev.btisolatsioon.ee\/wp-content\/uploads\/2024\/12\/Heliisolatsioon.webp\" class=\"attachment-large size-large wp-image-2621\" alt=\"\" srcset=\"https:\/\/dev.btisolatsioon.ee\/wp-content\/uploads\/2024\/12\/Heliisolatsioon.webp 1000w, https:\/\/dev.btisolatsioon.ee\/wp-content\/uploads\/2024\/12\/Heliisolatsioon-300x150.webp 300w, https:\/\/dev.btisolatsioon.ee\/wp-content\/uploads\/2024\/12\/Heliisolatsioon-768x384.webp 768w\" sizes=\"(max-width: 1000px) 100vw, 1000px\" \/><span class=\"raven-post-image-overlay\"><\/span><\/a><\/div><div class=\"raven-post-content-container\"><div class=\"raven-post-content\"><div class=\"raven-post-meta\"><span class=\"raven-post-meta-item raven-post-categories\"><a href=\"https:\/\/dev.btisolatsioon.ee\/fi\/category\/eristys-fi\/\" rel=\"tag\">Eristys<\/a><\/span>\n<span class=\"raven-post-meta-divider\">\/<\/span>\n<span class=\"raven-post-meta-item raven-post-reading-time\"> 1 minute<\/span><\/div><h3 class=\"raven-post-title\"><a class=\"raven-post-title-link\" href=\"https:\/\/dev.btisolatsioon.ee\/fi\/aanieristys\/\">\u00c4\u00e4nieristys<\/a><\/h3><div class=\"raven-post-excerpt\">\u00c4\u00e4nieristys \u2013 Kuinka v\u00e4hent\u00e4\u00e4 melua kotona tai toimistossa? Melu voi merkitt\u00e4v\u00e4sti vaikuttaa el\u00e4m\u00e4nlaatuun ja ty\u00f6tehokkuuteen, olipa kyseess\u00e4 koti,<\/div><\/div><div class=\"raven-post-author-spotlight\"><a href=\"https:\/\/dev.btisolatsioon.ee\/fi\/author\/indrek\/\"><img decoding=\"async\" src=\"https:\/\/secure.gravatar.com\/avatar\/5f3bec9923e6a906be629de0eb38103e1ba8a6e76120bf4bf467134c4a1db4a3?s=256&amp;d=mm&amp;r=g\" title=\"Indrek\" alt=\"Indrek\">By Indrek<\/a><\/div><\/div><\/div><\/div><\/div><div class=\"raven-posts-item raven-grid-item  \"><div class=\"raven-post-wrapper raven-posts-load-effect raven-post-effect-slide-left\"><div class=\"raven-post  \"><div class=\"raven-post-image-wrap\"><a class=\"raven-post-image raven-image-fit\" href=\"https:\/\/dev.btisolatsioon.ee\/fi\/kylmaeristys\/\"> <img decoding=\"async\" width=\"1000\" height=\"500\" src=\"https:\/\/dev.btisolatsioon.ee\/wp-content\/uploads\/2024\/12\/Kulmaisolatsioon.webp\" class=\"attachment-large size-large wp-image-2618\" alt=\"\" srcset=\"https:\/\/dev.btisolatsioon.ee\/wp-content\/uploads\/2024\/12\/Kulmaisolatsioon.webp 1000w, https:\/\/dev.btisolatsioon.ee\/wp-content\/uploads\/2024\/12\/Kulmaisolatsioon-300x150.webp 300w, https:\/\/dev.btisolatsioon.ee\/wp-content\/uploads\/2024\/12\/Kulmaisolatsioon-768x384.webp 768w\" sizes=\"(max-width: 1000px) 100vw, 1000px\" \/><span class=\"raven-post-image-overlay\"><\/span><\/a><\/div><div class=\"raven-post-content-container\"><div class=\"raven-post-content\"><div class=\"raven-post-meta\"><span class=\"raven-post-meta-item raven-post-categories\"><a href=\"https:\/\/dev.btisolatsioon.ee\/fi\/category\/eristys-fi\/\" rel=\"tag\">Eristys<\/a><\/span>\n<span class=\"raven-post-meta-divider\">\/<\/span>\n<span class=\"raven-post-meta-item raven-post-reading-time\"> 2 minutes<\/span><\/div><h3 class=\"raven-post-title\"><a class=\"raven-post-title-link\" href=\"https:\/\/dev.btisolatsioon.ee\/fi\/kylmaeristys\/\">Kylm\u00e4eristys<\/a><\/h3><div class=\"raven-post-excerpt\">Kylm\u00e4eristys &#8211; kuinka varmistaa laadukas asennus? Kylm\u00e4eristys on olennainen osa teollisuus- ja kaupallisten kohteiden energiatehokkuuden ja toimintavarmuuden varmistamista.<\/div><\/div><div class=\"raven-post-author-spotlight\"><a href=\"https:\/\/dev.btisolatsioon.ee\/fi\/author\/indrek\/\"><img decoding=\"async\" src=\"https:\/\/secure.gravatar.com\/avatar\/5f3bec9923e6a906be629de0eb38103e1ba8a6e76120bf4bf467134c4a1db4a3?s=256&amp;d=mm&amp;r=g\" title=\"Indrek\" alt=\"Indrek\">By Indrek<\/a><\/div><\/div><\/div><\/div><\/div><div class=\"raven-posts-item raven-grid-item  \"><div class=\"raven-post-wrapper raven-posts-load-effect raven-post-effect-slide-left\"><div class=\"raven-post  \"><div class=\"raven-post-image-wrap\"><a class=\"raven-post-image raven-image-fit\" href=\"https:\/\/dev.btisolatsioon.ee\/fi\/ruostumaton-teras\/\"> <img loading=\"lazy\" decoding=\"async\" width=\"1024\" height=\"630\" src=\"https:\/\/dev.btisolatsioon.ee\/wp-content\/uploads\/2024\/12\/Roostevabad-terased-1024x630.webp\" class=\"attachment-large size-large wp-image-2615\" alt=\"\" srcset=\"https:\/\/dev.btisolatsioon.ee\/wp-content\/uploads\/2024\/12\/Roostevabad-terased-1024x630.webp 1024w, https:\/\/dev.btisolatsioon.ee\/wp-content\/uploads\/2024\/12\/Roostevabad-terased-300x185.webp 300w, https:\/\/dev.btisolatsioon.ee\/wp-content\/uploads\/2024\/12\/Roostevabad-terased-768x473.webp 768w, https:\/\/dev.btisolatsioon.ee\/wp-content\/uploads\/2024\/12\/Roostevabad-terased.webp 1300w\" sizes=\"(max-width: 1024px) 100vw, 1024px\" \/><span class=\"raven-post-image-overlay\"><\/span><\/a><\/div><div class=\"raven-post-content-container\"><div class=\"raven-post-content\"><div class=\"raven-post-meta\"><span class=\"raven-post-meta-item raven-post-categories\"><a href=\"https:\/\/dev.btisolatsioon.ee\/fi\/category\/eristys-fi\/\" rel=\"tag\">Eristys<\/a><\/span>\n<span class=\"raven-post-meta-divider\">\/<\/span>\n<span class=\"raven-post-meta-item raven-post-reading-time\"> 4 minutes<\/span><\/div><h3 class=\"raven-post-title\"><a class=\"raven-post-title-link\" href=\"https:\/\/dev.btisolatsioon.ee\/fi\/ruostumaton-teras\/\">Ruostumaton ter\u00e4s<\/a><\/h3><div class=\"raven-post-excerpt\">Ruostumattomat ter\u00e4kset \u2013 Alatyypit ja k\u00e4ytt\u00f6alueet Ruostumaton ter\u00e4s on yksi k\u00e4ytetyimmist\u00e4 metalliseoksista, joka tunnetaan korroosionkest\u00e4vyydest\u00e4\u00e4n, kest\u00e4vyydest\u00e4\u00e4n ja monipuolisuudestaan.<\/div><\/div><div class=\"raven-post-author-spotlight\"><a href=\"https:\/\/dev.btisolatsioon.ee\/fi\/author\/indrek\/\"><img decoding=\"async\" src=\"https:\/\/secure.gravatar.com\/avatar\/5f3bec9923e6a906be629de0eb38103e1ba8a6e76120bf4bf467134c4a1db4a3?s=256&amp;d=mm&amp;r=g\" title=\"Indrek\" alt=\"Indrek\">By Indrek<\/a><\/div><\/div><\/div><\/div><\/div><div class=\"raven-posts-item raven-grid-item  \"><div class=\"raven-post-wrapper raven-posts-load-effect raven-post-effect-slide-left\"><div class=\"raven-post  \"><div class=\"raven-post-image-wrap\"><a class=\"raven-post-image raven-image-fit\" href=\"https:\/\/dev.btisolatsioon.ee\/fi\/kivivillan-ominaisuudet\/\"> <img loading=\"lazy\" decoding=\"async\" width=\"1024\" height=\"630\" src=\"https:\/\/dev.btisolatsioon.ee\/wp-content\/uploads\/2024\/12\/kivivilla-omadused-ja-kasutus-1024x630.webp\" class=\"attachment-large size-large wp-image-2600\" alt=\"\" srcset=\"https:\/\/dev.btisolatsioon.ee\/wp-content\/uploads\/2024\/12\/kivivilla-omadused-ja-kasutus-1024x630.webp 1024w, https:\/\/dev.btisolatsioon.ee\/wp-content\/uploads\/2024\/12\/kivivilla-omadused-ja-kasutus-300x185.webp 300w, https:\/\/dev.btisolatsioon.ee\/wp-content\/uploads\/2024\/12\/kivivilla-omadused-ja-kasutus-768x473.webp 768w, https:\/\/dev.btisolatsioon.ee\/wp-content\/uploads\/2024\/12\/kivivilla-omadused-ja-kasutus.webp 1300w\" sizes=\"(max-width: 1024px) 100vw, 1024px\" \/><span class=\"raven-post-image-overlay\"><\/span><\/a><\/div><div class=\"raven-post-content-container\"><div class=\"raven-post-content\"><div class=\"raven-post-meta\"><span class=\"raven-post-meta-item raven-post-categories\"><a href=\"https:\/\/dev.btisolatsioon.ee\/fi\/category\/eristys-fi\/\" rel=\"tag\">Eristys<\/a><\/span>\n<span class=\"raven-post-meta-divider\">\/<\/span>\n<span class=\"raven-post-meta-item raven-post-reading-time\"> 4 minutes<\/span><\/div><h3 class=\"raven-post-title\"><a class=\"raven-post-title-link\" href=\"https:\/\/dev.btisolatsioon.ee\/fi\/kivivillan-ominaisuudet\/\">Kivivillan ominaisuudet<\/a><\/h3><div class=\"raven-post-excerpt\">Kivivilla \u2013 Kaikki mit\u00e4 sinun tarvitsee tiet\u00e4\u00e4 mineraalivillasta Kivivilla on mineraalivillasta valmistettu eristysmateriaali, joka on tuotettu luonnonkivist\u00e4, p\u00e4\u00e4asiassa<\/div><\/div><div class=\"raven-post-author-spotlight\"><a href=\"https:\/\/dev.btisolatsioon.ee\/fi\/author\/indrek\/\"><img decoding=\"async\" src=\"https:\/\/secure.gravatar.com\/avatar\/5f3bec9923e6a906be629de0eb38103e1ba8a6e76120bf4bf467134c4a1db4a3?s=256&amp;d=mm&amp;r=g\" title=\"Indrek\" alt=\"Indrek\">By Indrek<\/a><\/div><\/div><\/div><\/div><\/div><div class=\"raven-posts-item raven-grid-item  \"><div class=\"raven-post-wrapper raven-posts-load-effect raven-post-effect-slide-left\"><div class=\"raven-post  \"><div class=\"raven-post-image-wrap\"><a class=\"raven-post-image raven-image-fit\" href=\"https:\/\/dev.btisolatsioon.ee\/fi\/peltipaallysteet-ja-oikean-paallysmateriaalin-valinta\/\"> <img loading=\"lazy\" decoding=\"async\" width=\"1024\" height=\"630\" src=\"https:\/\/dev.btisolatsioon.ee\/wp-content\/uploads\/2024\/12\/Katteplekid-ja-kattematerjali-oige-valik-1024x630.webp\" class=\"attachment-large size-large wp-image-2585\" alt=\"\" srcset=\"https:\/\/dev.btisolatsioon.ee\/wp-content\/uploads\/2024\/12\/Katteplekid-ja-kattematerjali-oige-valik-1024x630.webp 1024w, https:\/\/dev.btisolatsioon.ee\/wp-content\/uploads\/2024\/12\/Katteplekid-ja-kattematerjali-oige-valik-300x185.webp 300w, https:\/\/dev.btisolatsioon.ee\/wp-content\/uploads\/2024\/12\/Katteplekid-ja-kattematerjali-oige-valik-768x473.webp 768w, https:\/\/dev.btisolatsioon.ee\/wp-content\/uploads\/2024\/12\/Katteplekid-ja-kattematerjali-oige-valik.webp 1300w\" sizes=\"(max-width: 1024px) 100vw, 1024px\" \/><span class=\"raven-post-image-overlay\"><\/span><\/a><\/div><div class=\"raven-post-content-container\"><div class=\"raven-post-content\"><div class=\"raven-post-meta\"><span class=\"raven-post-meta-item raven-post-categories\"><a href=\"https:\/\/dev.btisolatsioon.ee\/fi\/category\/eristys-fi\/\" rel=\"tag\">Eristys<\/a><\/span>\n<span class=\"raven-post-meta-divider\">\/<\/span>\n<span class=\"raven-post-meta-item raven-post-reading-time\"> 5 minutes<\/span><\/div><h3 class=\"raven-post-title\"><a class=\"raven-post-title-link\" href=\"https:\/\/dev.btisolatsioon.ee\/fi\/peltipaallysteet-ja-oikean-paallysmateriaalin-valinta\/\">Peltip\u00e4\u00e4llysteet ja oikean p\u00e4\u00e4llysmateriaalin valinta<\/a><\/h3><div class=\"raven-post-excerpt\">Peltip\u00e4\u00e4llysteet ja eristyksen p\u00e4\u00e4llysmateriaalin merkitys teollisuusk\u00e4yt\u00f6ss\u00e4 Teollisuusk\u00e4ytt\u00f6\u00f6n soveltuvan eristyksen toimivuus erilaisissa olosuhteissa ei m\u00e4\u00e4r\u00e4ydy pelk\u00e4st\u00e4\u00e4n eristysmateriaalien ominaisuuksien perusteella.<\/div><\/div><div class=\"raven-post-author-spotlight\"><a href=\"https:\/\/dev.btisolatsioon.ee\/fi\/author\/indrek\/\"><img decoding=\"async\" src=\"https:\/\/secure.gravatar.com\/avatar\/5f3bec9923e6a906be629de0eb38103e1ba8a6e76120bf4bf467134c4a1db4a3?s=256&amp;d=mm&amp;r=g\" title=\"Indrek\" alt=\"Indrek\">By Indrek<\/a><\/div><\/div><\/div><\/div><\/div>\t\t\t<\/div>\n\t\t\t\t\t<\/div>\n\t\t\t\t\t\t<\/div>\n\t\t\t\t<\/div>\n\t\t\t\t\t<\/div>\n\t\t\t\t<\/div>\n\t\t\t\t<\/div>\n\t\t","protected":false},"excerpt":{"rendered":"<p>Blogi Eristys \/ 2 minutes Ilmanvaihdon eristys Ilmanvaihdon eristys \u2013 Miksi se on t\u00e4rke\u00e4\u00e4 terveydellesi ja rakennuksen tehokkuudelle? Ilmanvaihtoj\u00e4rjestelm\u00e4 on olennainen osa jokaista rakennusta, sill\u00e4By Indrek Eristys \/ 1 minute \u00c4\u00e4nieristys \u00c4\u00e4nieristys \u2013 Kuinka v\u00e4hent\u00e4\u00e4 melua kotona tai toimistossa? Melu voi merkitt\u00e4v\u00e4sti vaikuttaa el\u00e4m\u00e4nlaatuun ja ty\u00f6tehokkuuteen, olipa kyseess\u00e4 koti,By Indrek Eristys \/ 2 minutes Kylm\u00e4eristys [&hellip;]<\/p>\n","protected":false},"author":1,"featured_media":0,"parent":0,"menu_order":0,"comment_status":"closed","ping_status":"closed","template":"","meta":{"_acf_changed":false,"footnotes":""},"class_list":["post-3058","page","type-page","status-publish","hentry"],"acf":[],"_links":{"self":[{"href":"https:\/\/dev.btisolatsioon.ee\/fi\/wp-json\/wp\/v2\/pages\/3058","targetHints":{"allow":["GET"]}}],"collection":[{"href":"https:\/\/dev.btisolatsioon.ee\/fi\/wp-json\/wp\/v2\/pages"}],"about":[{"href":"https:\/\/dev.btisolatsioon.ee\/fi\/wp-json\/wp\/v2\/types\/page"}],"author":[{"embeddable":true,"href":"https:\/\/dev.btisolatsioon.ee\/fi\/wp-json\/wp\/v2\/users\/1"}],"replies":[{"embeddable":true,"href":"https:\/\/dev.btisolatsioon.ee\/fi\/wp-json\/wp\/v2\/comments?post=3058"}],"version-history":[{"count":5,"href":"https:\/\/dev.btisolatsioon.ee\/fi\/wp-json\/wp\/v2\/pages\/3058\/revisions"}],"predecessor-version":[{"id":6621,"href":"https:\/\/dev.btisolatsioon.ee\/fi\/wp-json\/wp\/v2\/pages\/3058\/revisions\/6621"}],"wp:attachment":[{"href":"https:\/\/dev.btisolatsioon.ee\/fi\/wp-json\/wp\/v2\/media?parent=3058"}],"curies":[{"name":"wp","href":"https:\/\/api.w.org\/{rel}","templated":true}]}}