{"id":3070,"date":"2024-12-05T04:12:03","date_gmt":"2024-12-05T04:12:03","guid":{"rendered":"https:\/\/dev.btisolatsioon.ee\/bti-uutiset\/"},"modified":"2025-03-07T05:59:20","modified_gmt":"2025-03-07T05:59:20","slug":"bti-uutiset","status":"publish","type":"page","link":"https:\/\/dev.btisolatsioon.ee\/fi\/bti-uutiset\/","title":{"rendered":"BTI Uutiset"},"content":{"rendered":"\t\t<div data-elementor-type=\"wp-page\" data-elementor-id=\"3070\" class=\"elementor elementor-3070 elementor-1648\">\n\t\t\t\t<div class=\"elementor-element elementor-element-f4f23db e-flex e-con-boxed e-con e-parent\" data-id=\"f4f23db\" data-element_type=\"container\" data-settings=\"{&quot;jet_parallax_layout_list&quot;:[]}\">\n\t\t\t\t\t<div class=\"e-con-inner\">\n\t\t\t\t<div class=\"elementor-element elementor-element-3aa21ae elementor-widget elementor-widget-heading\" data-id=\"3aa21ae\" data-element_type=\"widget\" data-widget_type=\"heading.default\">\n\t\t\t\t<div class=\"elementor-widget-container\">\n\t\t\t\t\t<h1 class=\"elementor-heading-title elementor-size-default\">BTI Uutiset \u2013 T\u00e4rkeit\u00e4 Tapahtumia ja Uutisia Eristysalalta<\/h1>\t\t\t\t<\/div>\n\t\t\t\t<\/div>\n\t\t\t\t\t<\/div>\n\t\t\t\t<\/div>\n\t\t<div class=\"elementor-element elementor-element-bfb2489 e-flex e-con-boxed e-con e-parent\" data-id=\"bfb2489\" data-element_type=\"container\" data-settings=\"{&quot;jet_parallax_layout_list&quot;:[]}\">\n\t\t\t\t\t<div class=\"e-con-inner\">\n\t\t\t\t<div class=\"elementor-element elementor-element-5d83e0d elementor-widget elementor-widget-text-editor\" data-id=\"5d83e0d\" data-element_type=\"widget\" data-widget_type=\"text-editor.default\">\n\t\t\t\t<div class=\"elementor-widget-container\">\n\t\t\t\t\t\t\t\t\t<p>Tervetuloa\u00a0<strong>BTI:n uutissivulle<\/strong>, jossa jaamme kanssasi yrityksemme merkitt\u00e4vi\u00e4 saavutuksia, mielenkiintoisia projekteja ja viimeisimpi\u00e4 uutisia eristys- ja rakennusalalta. T\u00e4\u00e4lt\u00e4 l\u00f6yd\u00e4t tietoa viimeisimmist\u00e4 t\u00f6ist\u00e4mme, kansainv\u00e4lisist\u00e4 projekteista sek\u00e4 yhteisty\u00f6kumppaneista ja -mahdollisuuksista.\u00a0<strong>BTI<\/strong>\u00a0on ollut luotettava kumppani sek\u00e4 Virossa ett\u00e4 kansainv\u00e4lisesti, edist\u00e4en teollisuuden kehityst\u00e4 nykyaikaisilla eristysratkaisuilla. Seuraa tekemisi\u00e4mme ja katso, kuinka kokemuksemme ja innovaatiomme auttavat luomaan tehokkaampia ja kest\u00e4v\u00e4mpi\u00e4 ratkaisuja.<\/p><p>Inspiroidu t\u00f6ist\u00e4mme ja pysy ajan tasalla viimeisimmist\u00e4 uutisistamme!<\/p>\t\t\t\t\t\t\t\t<\/div>\n\t\t\t\t<\/div>\n\t\t\t\t<div class=\"elementor-element elementor-element-fc9b903 elementor-widget elementor-widget-jet-listing-grid\" data-id=\"fc9b903\" data-element_type=\"widget\" data-settings=\"{&quot;columns&quot;:&quot;1&quot;}\" data-widget_type=\"jet-listing-grid.default\">\n\t\t\t\t<div class=\"elementor-widget-container\">\n\t\t\t\t\t<div class=\"jet-listing-grid jet-listing-grid--lazy-load jet-listing jet-listing-grid-loading\" data-lazy-load=\"{&quot;offset&quot;:&quot;0px&quot;,&quot;post_id&quot;:3070,&quot;queried_id&quot;:&quot;3070|WP_Post&quot;}\"><div class=\"jet-listing-grid__loader\"><div class=\"jet-listing-grid__loader-spinner\"><\/div><\/div><\/div>\t\t\t\t<\/div>\n\t\t\t\t<\/div>\n\t\t\t\t\t<\/div>\n\t\t\t\t<\/div>\n\t\t\t\t<\/div>\n\t\t","protected":false},"excerpt":{"rendered":"<p>BTI Uutiset \u2013 T\u00e4rkeit\u00e4 Tapahtumia ja Uutisia Eristysalalta Tervetuloa\u00a0BTI:n uutissivulle, jossa jaamme kanssasi yrityksemme merkitt\u00e4vi\u00e4 saavutuksia, mielenkiintoisia projekteja ja viimeisimpi\u00e4 uutisia eristys- ja rakennusalalta. T\u00e4\u00e4lt\u00e4 l\u00f6yd\u00e4t tietoa viimeisimmist\u00e4 t\u00f6ist\u00e4mme, kansainv\u00e4lisist\u00e4 projekteista sek\u00e4 yhteisty\u00f6kumppaneista ja -mahdollisuuksista.\u00a0BTI\u00a0on ollut luotettava kumppani sek\u00e4 Virossa ett\u00e4 kansainv\u00e4lisesti, edist\u00e4en teollisuuden kehityst\u00e4 nykyaikaisilla eristysratkaisuilla. Seuraa tekemisi\u00e4mme ja katso, kuinka kokemuksemme ja innovaatiomme [&hellip;]<\/p>\n","protected":false},"author":1,"featured_media":0,"parent":0,"menu_order":0,"comment_status":"closed","ping_status":"closed","template":"","meta":{"_acf_changed":false,"footnotes":""},"class_list":["post-3070","page","type-page","status-publish","hentry"],"acf":[],"_links":{"self":[{"href":"https:\/\/dev.btisolatsioon.ee\/fi\/wp-json\/wp\/v2\/pages\/3070","targetHints":{"allow":["GET"]}}],"collection":[{"href":"https:\/\/dev.btisolatsioon.ee\/fi\/wp-json\/wp\/v2\/pages"}],"about":[{"href":"https:\/\/dev.btisolatsioon.ee\/fi\/wp-json\/wp\/v2\/types\/page"}],"author":[{"embeddable":true,"href":"https:\/\/dev.btisolatsioon.ee\/fi\/wp-json\/wp\/v2\/users\/1"}],"replies":[{"embeddable":true,"href":"https:\/\/dev.btisolatsioon.ee\/fi\/wp-json\/wp\/v2\/comments?post=3070"}],"version-history":[{"count":5,"href":"https:\/\/dev.btisolatsioon.ee\/fi\/wp-json\/wp\/v2\/pages\/3070\/revisions"}],"predecessor-version":[{"id":6627,"href":"https:\/\/dev.btisolatsioon.ee\/fi\/wp-json\/wp\/v2\/pages\/3070\/revisions\/6627"}],"wp:attachment":[{"href":"https:\/\/dev.btisolatsioon.ee\/fi\/wp-json\/wp\/v2\/media?parent=3070"}],"curies":[{"name":"wp","href":"https:\/\/api.w.org\/{rel}","templated":true}]}}