{"id":3486,"date":"2024-12-02T05:41:28","date_gmt":"2024-12-02T05:41:28","guid":{"rendered":"https:\/\/dev.btisolatsioon.ee\/?page_id=3486"},"modified":"2025-03-07T06:10:07","modified_gmt":"2025-03-07T06:10:07","slug":"eristyspalvelut","status":"publish","type":"page","link":"https:\/\/dev.btisolatsioon.ee\/fi\/eristyspalvelut\/","title":{"rendered":"Eristyspalvelut"},"content":{"rendered":"\t\t<div data-elementor-type=\"wp-page\" data-elementor-id=\"3486\" class=\"elementor elementor-3486 elementor-997\">\n\t\t\t\t<div class=\"elementor-element elementor-element-31a2213 e-flex e-con-boxed e-con e-parent\" data-id=\"31a2213\" data-element_type=\"container\" data-settings=\"{&quot;background_background&quot;:&quot;classic&quot;,&quot;jet_parallax_layout_list&quot;:[]}\">\n\t\t\t\t\t<div class=\"e-con-inner\">\n\t\t\t\t<div class=\"elementor-element elementor-element-29c9150 elementor-align-center elementor-invisible elementor-widget elementor-widget-raven-heading\" data-id=\"29c9150\" data-element_type=\"widget\" data-settings=\"{&quot;_animation&quot;:&quot;slideInLeft&quot;}\" data-widget_type=\"raven-heading.default\">\n\t\t\t\t<div class=\"elementor-widget-container\">\n\t\t\t\t\t\t\t<div class=\"raven-widget-wrapper\"><h1 class=\"raven-heading raven-heading-h1\"><span class=\"raven-heading-title \">Eristyspalvelut \u2013 Laatu ja Luotettavuus<\/span><\/h1><\/div>\n\t\t\t\t\t\t<\/div>\n\t\t\t\t<\/div>\n\t\t\t\t\t<\/div>\n\t\t\t\t<\/div>\n\t\t<div class=\"elementor-element elementor-element-bc7ce1b e-flex e-con-boxed e-con e-parent\" data-id=\"bc7ce1b\" data-element_type=\"container\" data-settings=\"{&quot;jet_parallax_layout_list&quot;:[]}\">\n\t\t\t\t\t<div class=\"e-con-inner\">\n\t\t\t\t<div class=\"elementor-element elementor-element-390112e elementor-widget elementor-widget-heading\" data-id=\"390112e\" data-element_type=\"widget\" data-widget_type=\"heading.default\">\n\t\t\t\t<div class=\"elementor-widget-container\">\n\t\t\t\t\t<h2 class=\"elementor-heading-title elementor-size-default\">Ammattimaiset ja kokonaisvaltaiset eristyspalvelut<\/h2>\t\t\t\t<\/div>\n\t\t\t\t<\/div>\n\t\t\t\t<div class=\"elementor-element elementor-element-0c11c91 elementor-widget elementor-widget-text-editor\" data-id=\"0c11c91\" data-element_type=\"widget\" data-widget_type=\"text-editor.default\">\n\t\t\t\t<div class=\"elementor-widget-container\">\n\t\t\t\t\t\t\t\t\t<p><strong>BTIsolatsioon O\u00dc<\/strong> tarjoaa ammattimaisia ja kokonaisvaltaisia eristyspalveluita, jotka on suunniteltu takaamaan energiatehokkuus, kest\u00e4vyys ja esteettinen ulkon\u00e4k\u00f6. Palvelumme kattavat koko prosessin suunnittelusta asennukseen ja huoltot\u00f6ihin. Laadukas eristys auttaa v\u00e4hent\u00e4m\u00e4\u00e4n energiakuluja, parantamaan ty\u00f6- ja asuinymp\u00e4rist\u00f6\u00e4 sek\u00e4 tarjoamaan pitk\u00e4aikaisia etuja.<\/p>\t\t\t\t\t\t\t\t<\/div>\n\t\t\t\t<\/div>\n\t\t\t\t<div class=\"elementor-element elementor-element-b0616d0 elementor-widget elementor-widget-heading\" data-id=\"b0616d0\" data-element_type=\"widget\" data-widget_type=\"heading.default\">\n\t\t\t\t<div class=\"elementor-widget-container\">\n\t\t\t\t\t<h2 class=\"elementor-heading-title elementor-size-default\">Miksi valita laadukas eristys?<\/h2>\t\t\t\t<\/div>\n\t\t\t\t<\/div>\n\t\t\t\t<div class=\"elementor-element elementor-element-a4ea803 elementor-widget elementor-widget-text-editor\" data-id=\"a4ea803\" data-element_type=\"widget\" data-widget_type=\"text-editor.default\">\n\t\t\t\t<div class=\"elementor-widget-container\">\n\t\t\t\t\t\t\t\t\t<p>Hyv\u00e4 eristys on:<\/p><ul><li><strong>Energiatehokas<\/strong> \u2013 V\u00e4hent\u00e4\u00e4 energiakatoa ja auttaa s\u00e4\u00e4st\u00e4m\u00e4\u00e4n l\u00e4mmitys- ja j\u00e4\u00e4hdytyskuluissa.<\/li><li><strong>Kest\u00e4v\u00e4<\/strong> \u2013 Laadukkaat materiaalit ja huolellinen asennus takaavat pitk\u00e4aikaisen luotettavuuden.<\/li><li><strong>Esteettinen<\/strong> \u2013 Ammattimaisesti asennettu eristys sulautuu t\u00e4ydellisesti kaikenlaisiin rakenteisiin ja j\u00e4rjestelmiin.<\/li><\/ul><p>Virheellinen asennus tai heikkolaatuiset materiaalit voivat aiheuttaa merkitt\u00e4vi\u00e4 ongelmia, kuten ylim\u00e4\u00e4r\u00e4isi\u00e4 energiakustannuksia tai toistuvia korjauksia. Laadukas eristys maksaa itsens\u00e4 nopeasti takaisin ja tarjoaa vaivattoman k\u00e4ytt\u00f6kokemuksen vuosiksi eteenp\u00e4in.<\/p>\t\t\t\t\t\t\t\t<\/div>\n\t\t\t\t<\/div>\n\t\t\t\t<div class=\"elementor-element elementor-element-7c35b4d elementor-widget elementor-widget-heading\" data-id=\"7c35b4d\" data-element_type=\"widget\" data-widget_type=\"heading.default\">\n\t\t\t\t<div class=\"elementor-widget-container\">\n\t\t\t\t\t<h2 class=\"elementor-heading-title elementor-size-default\">BTI:n tarjoamat eristyspalvelut<\/h2>\t\t\t\t<\/div>\n\t\t\t\t<\/div>\n\t\t\t\t<div class=\"elementor-element elementor-element-1d16e38 elementor-widget elementor-widget-text-editor\" data-id=\"1d16e38\" data-element_type=\"widget\" data-widget_type=\"text-editor.default\">\n\t\t\t\t<div class=\"elementor-widget-container\">\n\t\t\t\t\t\t\t\t\t<p>Tarjoamme laajan valikoiman eristyspalveluita, jotka sopivat eri tarpeisiin ja projekteihin. Palveluihimme kuuluvat:<\/p><ul><li><strong>\u00c4\u00e4ni- ja melueristys:<\/strong> Luomme hiljaisen ja mukavan ymp\u00e4rist\u00f6n v\u00e4hent\u00e4m\u00e4ll\u00e4 ulkoisia ja sis\u00e4isi\u00e4 meluh\u00e4iri\u00f6it\u00e4.<\/li><li><strong>Kylm\u00e4- ja j\u00e4\u00e4hdytyseristys:<\/strong> V\u00e4henn\u00e4mme l\u00e4mp\u00f6hukkaa kylm\u00e4- ja j\u00e4\u00e4hdytysj\u00e4rjestelmiss\u00e4, varmistaen energiatehokkuuden.<\/li><li><strong>L\u00e4mmitys- ja ilmanvaihtoeristys:<\/strong> L\u00e4mp\u00f6h\u00e4vi\u00f6iden v\u00e4hent\u00e4minen ja ilmanvaihtoj\u00e4rjestelmien tehokkuuden parantaminen. Soveltuu erinomaisesti rakennusten teknisiin j\u00e4rjestelmiin.<\/li><li><strong>Sis\u00e4isten teknisten verkostojen eristys:<\/strong> Tarjoamme vesi-, viem\u00e4ri-, l\u00e4mmitys-, ilmanvaihto- ja j\u00e4\u00e4hdytysputkistojen eristyst\u00e4, varmistaen luotettavan ja pitk\u00e4kestoisen lopputuloksen.<\/li><\/ul>\t\t\t\t\t\t\t\t<\/div>\n\t\t\t\t<\/div>\n\t\t\t\t<div class=\"elementor-element elementor-element-722b602 elementor-widget elementor-widget-heading\" data-id=\"722b602\" data-element_type=\"widget\" data-widget_type=\"heading.default\">\n\t\t\t\t<div class=\"elementor-widget-container\">\n\t\t\t\t\t<h3 class=\"elementor-heading-title elementor-size-default\">Laadukkaat materiaalit ja ammattitaitoinen asennus<\/h3>\t\t\t\t<\/div>\n\t\t\t\t<\/div>\n\t\t\t\t<div class=\"elementor-element elementor-element-f87a6f2 elementor-widget elementor-widget-text-editor\" data-id=\"f87a6f2\" data-element_type=\"widget\" data-widget_type=\"text-editor.default\">\n\t\t\t\t<div class=\"elementor-widget-container\">\n\t\t\t\t\t\t\t\t\t<p>K\u00e4yt\u00e4mme ty\u00f6ss\u00e4mme vain korkealaatuisia ja sertifioituja eristysmateriaaleja, jotka tunnetaan kest\u00e4vyydest\u00e4\u00e4n ja tehokkuudestaan. Kaikki projektimme toteutetaan nykyaikaisten standardien ja vaatimusten mukaisesti, jotta eristysratkaisunne on parasta mahdollista laatua.<\/p>\t\t\t\t\t\t\t\t<\/div>\n\t\t\t\t<\/div>\n\t\t\t\t<div class=\"elementor-element elementor-element-c684dc9 elementor-widget elementor-widget-heading\" data-id=\"c684dc9\" data-element_type=\"widget\" data-widget_type=\"heading.default\">\n\t\t\t\t<div class=\"elementor-widget-container\">\n\t\t\t\t\t<h3 class=\"elementor-heading-title elementor-size-default\">Miksi valita BTIsolatsioon O\u00dc?<\/h3>\t\t\t\t<\/div>\n\t\t\t\t<\/div>\n\t\t\t\t<div class=\"elementor-element elementor-element-729e449 elementor-widget elementor-widget-text-editor\" data-id=\"729e449\" data-element_type=\"widget\" data-widget_type=\"text-editor.default\">\n\t\t\t\t<div class=\"elementor-widget-container\">\n\t\t\t\t\t\t\t\t\t<ul><li><strong>Kokemus ja asiantuntemus:<\/strong> Olemme vuodesta 2004 l\u00e4htien auttaneet asiakkaita saavuttamaan energiatehokkuutta ja luotettavuutta monenlaisissa eristysprojekteissa.<\/li><li><strong>Kokonaisratkaisut:<\/strong> Tarjoamme kaiken suunnittelusta asennukseen ja huoltoon, varmistaen sujuvan ja tehokkaan prosessin.<\/li><li><strong>Parhaat materiaalit:<\/strong> K\u00e4yt\u00e4mme vain laadukkaita materiaaleja, jotka takaavat pitk\u00e4kestoisen lopputuloksen.<\/li><li><strong>R\u00e4\u00e4t\u00e4l\u00f6idyt ratkaisut:<\/strong> Mukautamme palvelumme jokaisen projektin erityispiirteiden ja asiakkaan tarpeiden mukaisesti.<\/li><\/ul>\t\t\t\t\t\t\t\t<\/div>\n\t\t\t\t<\/div>\n\t\t\t\t<div class=\"elementor-element elementor-element-9302f04 elementor-widget elementor-widget-heading\" data-id=\"9302f04\" data-element_type=\"widget\" data-widget_type=\"heading.default\">\n\t\t\t\t<div class=\"elementor-widget-container\">\n\t\t\t\t\t<h3 class=\"elementor-heading-title elementor-size-default\">Etsitk\u00f6 ammattitaitoista eristysratkaisua?<\/h3>\t\t\t\t<\/div>\n\t\t\t\t<\/div>\n\t\t\t\t<div class=\"elementor-element elementor-element-6ef38f1 elementor-widget elementor-widget-text-editor\" data-id=\"6ef38f1\" data-element_type=\"widget\" data-widget_type=\"text-editor.default\">\n\t\t\t\t<div class=\"elementor-widget-container\">\n\t\t\t\t\t\t\t\t\t<p>Ota yhteytt\u00e4 jo t\u00e4n\u00e4\u00e4n, niin luomme juuri sinun projektiisi sopivimman eristysratkaisun, joka vastaa odotuksiasi ja vaatimuksiasi!\u00a0<a href=\"https:\/\/btisolatsioon.ee\/fi\/bti-yhteystiedot\/\" target=\"_blank\" rel=\"noopener\">BTI Yhteystiedot<\/a><\/p>\t\t\t\t\t\t\t\t<\/div>\n\t\t\t\t<\/div>\n\t\t\t\t<div class=\"elementor-element elementor-element-052edc7 elementor-widget elementor-widget-heading\" data-id=\"052edc7\" data-element_type=\"widget\" data-widget_type=\"heading.default\">\n\t\t\t\t<div class=\"elementor-widget-container\">\n\t\t\t\t\t<h2 class=\"elementor-heading-title elementor-size-default\">T\u00e4ll\u00e4 hetkell\u00e4 toteutettavat BTI-eristysty\u00f6t<\/h2>\t\t\t\t<\/div>\n\t\t\t\t<\/div>\n\t\t\t\t\t<\/div>\n\t\t\t\t<\/div>\n\t\t<div class=\"elementor-element elementor-element-ee74552 e-flex e-con-boxed e-con e-parent\" data-id=\"ee74552\" data-element_type=\"container\" data-settings=\"{&quot;jet_parallax_layout_list&quot;:[]}\">\n\t\t\t\t\t<div class=\"e-con-inner\">\n\t\t\t\t<div class=\"elementor-element elementor-element-173c724 elementor-widget elementor-widget-shortcode\" data-id=\"173c724\" data-element_type=\"widget\" data-widget_type=\"shortcode.default\">\n\t\t\t\t<div class=\"elementor-widget-container\">\n\t\t\t\t\t\t\t<div class=\"elementor-shortcode\">\t\t<div data-elementor-type=\"section\" data-elementor-id=\"4206\" class=\"elementor elementor-4206\">\n\t\t\t\t<div class=\"elementor-element elementor-element-ac9967b e-flex e-con-boxed e-con e-parent\" data-id=\"ac9967b\" data-element_type=\"container\" data-settings=\"{&quot;jet_parallax_layout_list&quot;:[]}\">\n\t\t\t\t\t<div class=\"e-con-inner\">\n\t\t\t\t<div class=\"elementor-element elementor-element-70f18d7 elementor-widget elementor-widget-jet-timeline\" data-id=\"70f18d7\" data-element_type=\"widget\" data-widget_type=\"jet-timeline.default\">\n\t\t\t\t<div class=\"elementor-widget-container\">\n\t\t\t\t\t<div class=\"elementor-jet-timeline jet-elements\"><div class=\"jet-timeline jet-timeline--align-center jet-timeline--align-middle\">\n\t<div class=\"jet-timeline__line\"><div class=\"jet-timeline__line-progress\"><\/div><\/div>\n\t<div class=\"jet-timeline-list\"><div class=\"jet-timeline-item  elementor-repeater-item-36dcde5-0 jet-timeline-item--image-inside\">\n\t<div class=\"timeline-item__card\">\n\t\t<div class=\"timeline-item__card-inner\">\n\t\t\t\t<div class=\"timeline-item__card-img\"><img fetchpriority=\"high\" decoding=\"async\" width=\"686\" height=\"386\" src=\"https:\/\/dev.btisolatsioon.ee\/wp-content\/uploads\/2025\/01\/Prantsusmaa-DS-Smith-Rouen-Paberivabrik-\u2013-56-MW-Biomassi-katlamaja.webp\" class=\"attachment-full size-full wp-image-6281\" alt=\"Ranska \u2013 DS Smith Rouenin paperitehdas \u2013 56 MW biomassakattila. Eristysty\u00f6t\" srcset=\"https:\/\/dev.btisolatsioon.ee\/wp-content\/uploads\/2025\/01\/Prantsusmaa-DS-Smith-Rouen-Paberivabrik-\u2013-56-MW-Biomassi-katlamaja.webp 686w, https:\/\/dev.btisolatsioon.ee\/wp-content\/uploads\/2025\/01\/Prantsusmaa-DS-Smith-Rouen-Paberivabrik-\u2013-56-MW-Biomassi-katlamaja-300x169.webp 300w\" sizes=\"(max-width: 686px) 100vw, 686px\" \/><\/div>\t\t\t\t<div class=\"timeline-item__card-content\">\n\t\t\t\t\t<div class=\"timeline-item__meta\"><\/div><h2 class=\"timeline-item__card-title\">Ranska \u2013 DS Smith Rouenin paperitehdas \u2013 56 MW biomassakattila. Eristysty\u00f6t 2024-2025<\/h2><div class=\"timeline-item__card-desc\"><p>Kattilan, kanavien, putkistojen ja laitteiden eristys- ja telineasennukset. Projektin arvioitu ty\u00f6m\u00e4\u00e4r\u00e4 sis\u00e4lt\u00e4\u00e4 <strong data-start=\"1664\" data-end=\"1676\">9 000 m\u00b2<\/strong> eristysty\u00f6t\u00e4 sek\u00e4 <strong data-start=\"1695\" data-end=\"1708\">25 000 m\u00b3<\/strong> telineasennuksia ja materiaalitoimituksia koko rakennusprojektiin.<\/p>\n<\/div>\t\t\t\t<\/div>\n\t\t\t\t\t\t<\/div>\n\t\t<div class=\"timeline-item__card-arrow\"><\/div>\n\t<\/div>\n\t<div class=\"timeline-item__point\"><div class=\"timeline-item__point-content timeline-item__point-content--icon\"><span class=\"jet-elements-icon\"><svg aria-hidden=\"true\" class=\"e-font-icon-svg e-fas-calendar-alt\" viewBox=\"0 0 448 512\" xmlns=\"http:\/\/www.w3.org\/2000\/svg\"><path d=\"M0 464c0 26.5 21.5 48 48 48h352c26.5 0 48-21.5 48-48V192H0v272zm320-196c0-6.6 5.4-12 12-12h40c6.6 0 12 5.4 12 12v40c0 6.6-5.4 12-12 12h-40c-6.6 0-12-5.4-12-12v-40zm0 128c0-6.6 5.4-12 12-12h40c6.6 0 12 5.4 12 12v40c0 6.6-5.4 12-12 12h-40c-6.6 0-12-5.4-12-12v-40zM192 268c0-6.6 5.4-12 12-12h40c6.6 0 12 5.4 12 12v40c0 6.6-5.4 12-12 12h-40c-6.6 0-12-5.4-12-12v-40zm0 128c0-6.6 5.4-12 12-12h40c6.6 0 12 5.4 12 12v40c0 6.6-5.4 12-12 12h-40c-6.6 0-12-5.4-12-12v-40zM64 268c0-6.6 5.4-12 12-12h40c6.6 0 12 5.4 12 12v40c0 6.6-5.4 12-12 12H76c-6.6 0-12-5.4-12-12v-40zm0 128c0-6.6 5.4-12 12-12h40c6.6 0 12 5.4 12 12v40c0 6.6-5.4 12-12 12H76c-6.6 0-12-5.4-12-12v-40zM400 64h-48V16c0-8.8-7.2-16-16-16h-32c-8.8 0-16 7.2-16 16v48H160V16c0-8.8-7.2-16-16-16h-32c-8.8 0-16 7.2-16 16v48H48C21.5 64 0 85.5 0 112v48h448v-48c0-26.5-21.5-48-48-48z\"><\/path><\/svg><\/span><\/div><\/div><div class=\"timeline-item__meta\"><\/div><\/div><div class=\"jet-timeline-item  elementor-repeater-item-36dcde5-1 jet-timeline-item--image-inside\">\n\t<div class=\"timeline-item__card\">\n\t\t<div class=\"timeline-item__card-inner\">\n\t\t\t\t<div class=\"timeline-item__card-img\"><img decoding=\"async\" width=\"686\" height=\"386\" src=\"https:\/\/dev.btisolatsioon.ee\/wp-content\/uploads\/2025\/01\/Borealis-Polymers-\u2013-Kilpilahti-tootmisuksus.-Kulmaisolatsioon.webp\" class=\"attachment-full size-full wp-image-6285\" alt=\"Borealis Polymers \u2013 Kilpilahden tuotantoyksikk\u00f6. Kylm\u00e4eristysty\u00f6t\" srcset=\"https:\/\/dev.btisolatsioon.ee\/wp-content\/uploads\/2025\/01\/Borealis-Polymers-\u2013-Kilpilahti-tootmisuksus.-Kulmaisolatsioon.webp 686w, https:\/\/dev.btisolatsioon.ee\/wp-content\/uploads\/2025\/01\/Borealis-Polymers-\u2013-Kilpilahti-tootmisuksus.-Kulmaisolatsioon-300x169.webp 300w\" sizes=\"(max-width: 686px) 100vw, 686px\" \/><\/div>\t\t\t\t<div class=\"timeline-item__card-content\">\n\t\t\t\t\t<div class=\"timeline-item__meta\"><\/div><h2 class=\"timeline-item__card-title\">Borealis Polymers \u2013 Kilpilahden tuotantoyksikk\u00f6. Kylm\u00e4eristysty\u00f6t k\u00e4ynniss\u00e4 vuodesta 2024<\/h2><div class=\"timeline-item__card-desc\"><p>Kylm\u00e4eristysty\u00f6t ja telineasennukset butadieenin nestekaasus\u00e4ili\u00f6lle ja putkistoille. Projektin arvioitu ty\u00f6m\u00e4\u00e4r\u00e4 sis\u00e4lt\u00e4\u00e4 <strong data-start=\"1997\" data-end=\"2009\">2 000 m\u00b2<\/strong> eristysty\u00f6t\u00e4 sek\u00e4 <strong data-start=\"2028\" data-end=\"2041\">15 000 m\u00b3<\/strong> telineasennuksia ja materiaalitoimituksia koko rakennusprojektiin.<\/p>\n<\/div>\t\t\t\t<\/div>\n\t\t\t\t\t\t<\/div>\n\t\t<div class=\"timeline-item__card-arrow\"><\/div>\n\t<\/div>\n\t<div class=\"timeline-item__point\"><div class=\"timeline-item__point-content timeline-item__point-content--icon\"><span class=\"jet-elements-icon\"><svg aria-hidden=\"true\" class=\"e-font-icon-svg e-fas-calendar-alt\" viewBox=\"0 0 448 512\" xmlns=\"http:\/\/www.w3.org\/2000\/svg\"><path d=\"M0 464c0 26.5 21.5 48 48 48h352c26.5 0 48-21.5 48-48V192H0v272zm320-196c0-6.6 5.4-12 12-12h40c6.6 0 12 5.4 12 12v40c0 6.6-5.4 12-12 12h-40c-6.6 0-12-5.4-12-12v-40zm0 128c0-6.6 5.4-12 12-12h40c6.6 0 12 5.4 12 12v40c0 6.6-5.4 12-12 12h-40c-6.6 0-12-5.4-12-12v-40zM192 268c0-6.6 5.4-12 12-12h40c6.6 0 12 5.4 12 12v40c0 6.6-5.4 12-12 12h-40c-6.6 0-12-5.4-12-12v-40zm0 128c0-6.6 5.4-12 12-12h40c6.6 0 12 5.4 12 12v40c0 6.6-5.4 12-12 12h-40c-6.6 0-12-5.4-12-12v-40zM64 268c0-6.6 5.4-12 12-12h40c6.6 0 12 5.4 12 12v40c0 6.6-5.4 12-12 12H76c-6.6 0-12-5.4-12-12v-40zm0 128c0-6.6 5.4-12 12-12h40c6.6 0 12 5.4 12 12v40c0 6.6-5.4 12-12 12H76c-6.6 0-12-5.4-12-12v-40zM400 64h-48V16c0-8.8-7.2-16-16-16h-32c-8.8 0-16 7.2-16 16v48H160V16c0-8.8-7.2-16-16-16h-32c-8.8 0-16 7.2-16 16v48H48C21.5 64 0 85.5 0 112v48h448v-48c0-26.5-21.5-48-48-48z\"><\/path><\/svg><\/span><\/div><\/div><div class=\"timeline-item__meta\"><\/div><\/div><div class=\"jet-timeline-item  elementor-repeater-item-36dcde5-2 jet-timeline-item--image-inside\">\n\t<div class=\"timeline-item__card\">\n\t\t<div class=\"timeline-item__card-inner\">\n\t\t\t\t<div class=\"timeline-item__card-img\"><img decoding=\"async\" width=\"686\" height=\"386\" src=\"https:\/\/dev.btisolatsioon.ee\/wp-content\/uploads\/2025\/01\/Rootsi-\u2013-Erinevad-maakonnad.-Isolatsioonitood-1.webp\" class=\"attachment-full size-full wp-image-6289\" alt=\"Ruotsi \u2013 Eri maakunnat. Eristyst\u00f6iden aloitus vuonna 2024\" srcset=\"https:\/\/dev.btisolatsioon.ee\/wp-content\/uploads\/2025\/01\/Rootsi-\u2013-Erinevad-maakonnad.-Isolatsioonitood-1.webp 686w, https:\/\/dev.btisolatsioon.ee\/wp-content\/uploads\/2025\/01\/Rootsi-\u2013-Erinevad-maakonnad.-Isolatsioonitood-1-300x169.webp 300w\" sizes=\"(max-width: 686px) 100vw, 686px\" \/><\/div>\t\t\t\t<div class=\"timeline-item__card-content\">\n\t\t\t\t\t<div class=\"timeline-item__meta\"><\/div><h2 class=\"timeline-item__card-title\">Ruotsi \u2013 Eri maakunnat. Eristyst\u00f6iden aloitus vuonna 2024<\/h2><div class=\"timeline-item__card-desc\"><p>10 s\u00e4hk\u00f6suodattimen, savukaasukanavien ja putkistojen eristysty\u00f6t. Kokonaisurakan laajuus on <strong data-start=\"2270\" data-end=\"2282\">3 800 m\u00b2<\/strong> eristysty\u00f6t\u00e4.<\/p>\n<\/div>\t\t\t\t<\/div>\n\t\t\t\t\t\t<\/div>\n\t\t<div class=\"timeline-item__card-arrow\"><\/div>\n\t<\/div>\n\t<div class=\"timeline-item__point\"><div class=\"timeline-item__point-content timeline-item__point-content--icon\"><span class=\"jet-elements-icon\"><svg aria-hidden=\"true\" class=\"e-font-icon-svg e-fas-calendar-alt\" viewBox=\"0 0 448 512\" xmlns=\"http:\/\/www.w3.org\/2000\/svg\"><path d=\"M0 464c0 26.5 21.5 48 48 48h352c26.5 0 48-21.5 48-48V192H0v272zm320-196c0-6.6 5.4-12 12-12h40c6.6 0 12 5.4 12 12v40c0 6.6-5.4 12-12 12h-40c-6.6 0-12-5.4-12-12v-40zm0 128c0-6.6 5.4-12 12-12h40c6.6 0 12 5.4 12 12v40c0 6.6-5.4 12-12 12h-40c-6.6 0-12-5.4-12-12v-40zM192 268c0-6.6 5.4-12 12-12h40c6.6 0 12 5.4 12 12v40c0 6.6-5.4 12-12 12h-40c-6.6 0-12-5.4-12-12v-40zm0 128c0-6.6 5.4-12 12-12h40c6.6 0 12 5.4 12 12v40c0 6.6-5.4 12-12 12h-40c-6.6 0-12-5.4-12-12v-40zM64 268c0-6.6 5.4-12 12-12h40c6.6 0 12 5.4 12 12v40c0 6.6-5.4 12-12 12H76c-6.6 0-12-5.4-12-12v-40zm0 128c0-6.6 5.4-12 12-12h40c6.6 0 12 5.4 12 12v40c0 6.6-5.4 12-12 12H76c-6.6 0-12-5.4-12-12v-40zM400 64h-48V16c0-8.8-7.2-16-16-16h-32c-8.8 0-16 7.2-16 16v48H160V16c0-8.8-7.2-16-16-16h-32c-8.8 0-16 7.2-16 16v48H48C21.5 64 0 85.5 0 112v48h448v-48c0-26.5-21.5-48-48-48z\"><\/path><\/svg><\/span><\/div><\/div><div class=\"timeline-item__meta\"><\/div><\/div><div class=\"jet-timeline-item  elementor-repeater-item-36dcde5-3 jet-timeline-item--image-inside\">\n\t<div class=\"timeline-item__card\">\n\t\t<div class=\"timeline-item__card-inner\">\n\t\t\t\t<div class=\"timeline-item__card-img\"><img loading=\"lazy\" decoding=\"async\" width=\"686\" height=\"386\" src=\"https:\/\/dev.btisolatsioon.ee\/wp-content\/uploads\/2025\/01\/Maailma-suurimate-kruiisilaevade-ehitus-Rauma-ja-Turku-laevatehastes.webp\" class=\"attachment-full size-full wp-image-6293\" alt=\"Maailman suurimpien risteilyalusten rakentaminen Rauman ja Turun telakoilla\" srcset=\"https:\/\/dev.btisolatsioon.ee\/wp-content\/uploads\/2025\/01\/Maailma-suurimate-kruiisilaevade-ehitus-Rauma-ja-Turku-laevatehastes.webp 686w, https:\/\/dev.btisolatsioon.ee\/wp-content\/uploads\/2025\/01\/Maailma-suurimate-kruiisilaevade-ehitus-Rauma-ja-Turku-laevatehastes-300x169.webp 300w\" sizes=\"(max-width: 686px) 100vw, 686px\" \/><\/div>\t\t\t\t<div class=\"timeline-item__card-content\">\n\t\t\t\t\t<div class=\"timeline-item__meta\"><\/div><h2 class=\"timeline-item__card-title\">Maailman suurimpien risteilyalusten rakentaminen Rauman ja Turun telakoilla 2024-2025<\/h2><div class=\"timeline-item__card-desc\"><ul>\n<li>\n<p data-start=\"2395\" data-end=\"2582\"><strong data-start=\"2395\" data-end=\"2438\">Risteilyalus Icon 2 Star of the Seas:<\/strong> Moottorin pakokaasuputkien, ylikuumentuneiden h\u00f6yryputkien ja katalysaattoreiden eristysty\u00f6t. Arvioitu ty\u00f6m\u00e4\u00e4r\u00e4 on <strong data-start=\"2554\" data-end=\"2566\">6 000 m\u00b2<\/strong> eristysty\u00f6t\u00e4.<\/p>\n<\/li>\n<li>\n<p data-start=\"2395\" data-end=\"2582\"><strong data-start=\"2584\" data-end=\"2626\">Risteilyalus Icon 3 Star of the Seas:<\/strong> Moottorin pakokaasuputkien, ylikuumentuneiden h\u00f6yryputkien ja katalysaattoreiden eristysty\u00f6t. Arvioitu ty\u00f6m\u00e4\u00e4r\u00e4 on <strong data-start=\"2742\" data-end=\"2754\">5 000 m\u00b2<\/strong> eristysty\u00f6t\u00e4.<\/p>\n<\/li>\n<\/ul>\n<\/div>\t\t\t\t<\/div>\n\t\t\t\t\t\t<\/div>\n\t\t<div class=\"timeline-item__card-arrow\"><\/div>\n\t<\/div>\n\t<div class=\"timeline-item__point\"><div class=\"timeline-item__point-content timeline-item__point-content--icon\"><span class=\"jet-elements-icon\"><svg aria-hidden=\"true\" class=\"e-font-icon-svg e-fas-calendar-alt\" viewBox=\"0 0 448 512\" xmlns=\"http:\/\/www.w3.org\/2000\/svg\"><path d=\"M0 464c0 26.5 21.5 48 48 48h352c26.5 0 48-21.5 48-48V192H0v272zm320-196c0-6.6 5.4-12 12-12h40c6.6 0 12 5.4 12 12v40c0 6.6-5.4 12-12 12h-40c-6.6 0-12-5.4-12-12v-40zm0 128c0-6.6 5.4-12 12-12h40c6.6 0 12 5.4 12 12v40c0 6.6-5.4 12-12 12h-40c-6.6 0-12-5.4-12-12v-40zM192 268c0-6.6 5.4-12 12-12h40c6.6 0 12 5.4 12 12v40c0 6.6-5.4 12-12 12h-40c-6.6 0-12-5.4-12-12v-40zm0 128c0-6.6 5.4-12 12-12h40c6.6 0 12 5.4 12 12v40c0 6.6-5.4 12-12 12h-40c-6.6 0-12-5.4-12-12v-40zM64 268c0-6.6 5.4-12 12-12h40c6.6 0 12 5.4 12 12v40c0 6.6-5.4 12-12 12H76c-6.6 0-12-5.4-12-12v-40zm0 128c0-6.6 5.4-12 12-12h40c6.6 0 12 5.4 12 12v40c0 6.6-5.4 12-12 12H76c-6.6 0-12-5.4-12-12v-40zM400 64h-48V16c0-8.8-7.2-16-16-16h-32c-8.8 0-16 7.2-16 16v48H160V16c0-8.8-7.2-16-16-16h-32c-8.8 0-16 7.2-16 16v48H48C21.5 64 0 85.5 0 112v48h448v-48c0-26.5-21.5-48-48-48z\"><\/path><\/svg><\/span><\/div><\/div><div class=\"timeline-item__meta\"><\/div><\/div><\/div><\/div><\/div>\t\t\t\t<\/div>\n\t\t\t\t<\/div>\n\t\t\t\t\t<\/div>\n\t\t\t\t<\/div>\n\t\t\t\t<\/div>\n\t\t<\/div>\n\t\t\t\t\t\t<\/div>\n\t\t\t\t<\/div>\n\t\t\t\t<div class=\"elementor-element elementor-element-883e9ec elementor-align-center elementor-widget elementor-widget-button\" data-id=\"883e9ec\" data-element_type=\"widget\" data-widget_type=\"button.default\">\n\t\t\t\t<div class=\"elementor-widget-container\">\n\t\t\t\t\t\t\t\t\t<div class=\"elementor-button-wrapper\">\n\t\t\t\t\t<a class=\"elementor-button elementor-button-link elementor-size-sm elementor-animation-shrink\" href=\"https:\/\/btisolatsioon.ee\/fi\/valmistuneet-teollisuuseristystyot\/\">\n\t\t\t\t\t\t<span class=\"elementor-button-content-wrapper\">\n\t\t\t\t\t\t\t\t\t<span class=\"elementor-button-text\">Katso kaikki toteuttamamme eristysty\u00f6t<\/span>\n\t\t\t\t\t<\/span>\n\t\t\t\t\t<\/a>\n\t\t\t\t<\/div>\n\t\t\t\t\t\t\t\t<\/div>\n\t\t\t\t<\/div>\n\t\t\t\t\t<\/div>\n\t\t\t\t<\/div>\n\t\t\t\t<\/div>\n\t\t","protected":false},"excerpt":{"rendered":"<p>Eristyspalvelut \u2013 Laatu ja Luotettavuus Ammattimaiset ja kokonaisvaltaiset eristyspalvelut BTIsolatsioon O\u00dc tarjoaa ammattimaisia ja kokonaisvaltaisia eristyspalveluita, jotka on suunniteltu takaamaan energiatehokkuus, kest\u00e4vyys ja esteettinen ulkon\u00e4k\u00f6. Palvelumme kattavat koko prosessin suunnittelusta asennukseen ja huoltot\u00f6ihin. Laadukas eristys auttaa v\u00e4hent\u00e4m\u00e4\u00e4n energiakuluja, parantamaan ty\u00f6- ja asuinymp\u00e4rist\u00f6\u00e4 sek\u00e4 tarjoamaan pitk\u00e4aikaisia etuja. Miksi valita laadukas eristys? Hyv\u00e4 eristys on: Energiatehokas \u2013 [&hellip;]<\/p>\n","protected":false},"author":1,"featured_media":0,"parent":0,"menu_order":0,"comment_status":"closed","ping_status":"closed","template":"elementor_header_footer","meta":{"_acf_changed":false,"footnotes":""},"class_list":["post-3486","page","type-page","status-publish","hentry"],"acf":[],"_links":{"self":[{"href":"https:\/\/dev.btisolatsioon.ee\/fi\/wp-json\/wp\/v2\/pages\/3486","targetHints":{"allow":["GET"]}}],"collection":[{"href":"https:\/\/dev.btisolatsioon.ee\/fi\/wp-json\/wp\/v2\/pages"}],"about":[{"href":"https:\/\/dev.btisolatsioon.ee\/fi\/wp-json\/wp\/v2\/types\/page"}],"author":[{"embeddable":true,"href":"https:\/\/dev.btisolatsioon.ee\/fi\/wp-json\/wp\/v2\/users\/1"}],"replies":[{"embeddable":true,"href":"https:\/\/dev.btisolatsioon.ee\/fi\/wp-json\/wp\/v2\/comments?post=3486"}],"version-history":[{"count":5,"href":"https:\/\/dev.btisolatsioon.ee\/fi\/wp-json\/wp\/v2\/pages\/3486\/revisions"}],"predecessor-version":[{"id":6654,"href":"https:\/\/dev.btisolatsioon.ee\/fi\/wp-json\/wp\/v2\/pages\/3486\/revisions\/6654"}],"wp:attachment":[{"href":"https:\/\/dev.btisolatsioon.ee\/fi\/wp-json\/wp\/v2\/media?parent=3486"}],"curies":[{"name":"wp","href":"https:\/\/api.w.org\/{rel}","templated":true}]}}