{"id":3869,"date":"2024-12-01T11:24:47","date_gmt":"2024-12-01T11:24:47","guid":{"rendered":"https:\/\/dev.btisolatsioon.ee\/?page_id=3869"},"modified":"2025-03-07T06:25:54","modified_gmt":"2025-03-07T06:25:54","slug":"kaynnissa-olevat-teollisuuseristystyot","status":"publish","type":"page","link":"https:\/\/dev.btisolatsioon.ee\/fi\/kaynnissa-olevat-teollisuuseristystyot\/","title":{"rendered":"K\u00e4ynniss\u00e4 olevat teollisuuseristysty\u00f6t"},"content":{"rendered":"\t\t<div data-elementor-type=\"wp-page\" data-elementor-id=\"3869\" class=\"elementor elementor-3869 elementor-687\">\n\t\t\t\t<div class=\"elementor-element elementor-element-f6cdbe3 e-flex e-con-boxed e-con e-parent\" data-id=\"f6cdbe3\" data-element_type=\"container\" data-settings=\"{&quot;background_background&quot;:&quot;classic&quot;,&quot;jet_parallax_layout_list&quot;:[]}\">\n\t\t\t\t\t<div class=\"e-con-inner\">\n\t\t\t\t<div class=\"elementor-element elementor-element-d0280fd elementor-widget__width-initial elementor-align-center elementor-invisible elementor-widget elementor-widget-raven-heading\" data-id=\"d0280fd\" data-element_type=\"widget\" data-settings=\"{&quot;_animation&quot;:&quot;slideInLeft&quot;}\" data-widget_type=\"raven-heading.default\">\n\t\t\t\t<div class=\"elementor-widget-container\">\n\t\t\t\t\t\t\t<div class=\"raven-widget-wrapper\"><h1 class=\"raven-heading raven-heading-h1\"><span class=\"raven-heading-title \">K\u00e4ynniss\u00e4 olevat teollisuuseristysty\u00f6t<\/span><\/h1><\/div>\n\t\t\t\t\t\t<\/div>\n\t\t\t\t<\/div>\n\t\t\t\t\t<\/div>\n\t\t\t\t<\/div>\n\t\t<div class=\"elementor-element elementor-element-1ca8412 e-flex e-con-boxed e-con e-parent\" data-id=\"1ca8412\" data-element_type=\"container\" data-settings=\"{&quot;jet_parallax_layout_list&quot;:[]}\">\n\t\t\t\t\t<div class=\"e-con-inner\">\n\t\t\t\t<div class=\"elementor-element elementor-element-b60fb6b elementor-widget elementor-widget-heading\" data-id=\"b60fb6b\" data-element_type=\"widget\" data-widget_type=\"heading.default\">\n\t\t\t\t<div class=\"elementor-widget-container\">\n\t\t\t\t\t<h2 class=\"elementor-heading-title elementor-size-default\">K\u00e4ynniss\u00e4 olevat eristysprojektit \u2013 Parhaat ratkaisut projekteillesi<\/h2>\t\t\t\t<\/div>\n\t\t\t\t<\/div>\n\t\t\t\t<div class=\"elementor-element elementor-element-3fa0bdc elementor-widget elementor-widget-text-editor\" data-id=\"3fa0bdc\" data-element_type=\"widget\" data-widget_type=\"text-editor.default\">\n\t\t\t\t<div class=\"elementor-widget-container\">\n\t\t\t\t\t\t\t\t\t<p>BTIsolatsioon O\u00dc on eristyst\u00f6iden johtava yritys, joka tarjoaa korkealaatuisia ja luotettavia eristysratkaisuja sek\u00e4 Virossa ett\u00e4 kansainv\u00e4lisesti. Tiimimme koostuu korkeasti koulutetuista asiantuntijoista, jotka takaavat ty\u00f6n korkeimman laadun ja aikatauluissa pysymisen. K\u00e4ynniss\u00e4 olevat eristysprojektimme kattavat laajan valikoiman teollisuudenaloja, kuten teollisuuslaitokset, energiantuotanto ja sellutehtaat.<\/p>\t\t\t\t\t\t\t\t<\/div>\n\t\t\t\t<\/div>\n\t\t\t\t<div class=\"elementor-element elementor-element-dc5bbd6 elementor-widget elementor-widget-heading\" data-id=\"dc5bbd6\" data-element_type=\"widget\" data-widget_type=\"heading.default\">\n\t\t\t\t<div class=\"elementor-widget-container\">\n\t\t\t\t\t<h2 class=\"elementor-heading-title elementor-size-default\">Miksi valita BTIsolatsioon?<\/h2>\t\t\t\t<\/div>\n\t\t\t\t<\/div>\n\t\t\t\t<div class=\"elementor-element elementor-element-b67846b elementor-widget elementor-widget-text-editor\" data-id=\"b67846b\" data-element_type=\"widget\" data-widget_type=\"text-editor.default\">\n\t\t\t\t<div class=\"elementor-widget-container\">\n\t\t\t\t\t\t\t\t\t<ol><li><strong>Kokemus:<\/strong> Yli 20 vuoden kokemus teknisist\u00e4 ja teollisista eristyst\u00f6ist\u00e4.<\/li><li><strong>Joustavuus:<\/strong> R\u00e4\u00e4t\u00e4l\u00f6imme palvelumme asiakkaan tarpeiden ja projektien erityispiirteiden mukaisesti.<\/li><li><strong>Kansainv\u00e4linen Kokemus:<\/strong> Olemme onnistuneesti suorittaneet projekteja useissa maissa, kuten Virossa, Latviassa, Suomessa, Ruotsissa, Norjassa, Tanskassa, Alankomaissa, It\u00e4vallassa, Unkarissa, Englannissa, Portugalissa, Ranskassa, Australiassa, Karibian saarilla ja Uruguayssa Etel\u00e4-Amerikassa.<\/li><li><strong>Ymp\u00e4rist\u00f6yst\u00e4v\u00e4llisyys:<\/strong> K\u00e4yt\u00e4mme nykyaikaisia ja ymp\u00e4rist\u00f6yst\u00e4v\u00e4llisi\u00e4 eristemateriaaleja, jotka takaavat j\u00e4rjestelmien energiatehokkuuden.<\/li><\/ol>\t\t\t\t\t\t\t\t<\/div>\n\t\t\t\t<\/div>\n\t\t\t\t<div class=\"elementor-element elementor-element-bd7678a elementor-widget elementor-widget-heading\" data-id=\"bd7678a\" data-element_type=\"widget\" data-widget_type=\"heading.default\">\n\t\t\t\t<div class=\"elementor-widget-container\">\n\t\t\t\t\t<h2 class=\"elementor-heading-title elementor-size-default\">Eristysty\u00f6mme<\/h2>\t\t\t\t<\/div>\n\t\t\t\t<\/div>\n\t\t\t\t<div class=\"elementor-element elementor-element-daab409 elementor-widget elementor-widget-text-editor\" data-id=\"daab409\" data-element_type=\"widget\" data-widget_type=\"text-editor.default\">\n\t\t\t\t<div class=\"elementor-widget-container\">\n\t\t\t\t\t\t\t\t\t<p>Tarjoamme seuraavia palveluja:<\/p><ul><li><strong>Kattiloiden Eristys:<\/strong> Tehokkaat ratkaisut teollisuuskattiloille.<\/li><li><strong>Putkien Eristys:<\/strong> Energian s\u00e4\u00e4st\u00e4miseksi ja j\u00e4rjestelm\u00e4n tehokkuuden varmistamiseksi.<\/li><li><strong>Kanavien Eristys:<\/strong> Parhaan luotettavuuden ja kest\u00e4vyyden takaamiseksi.<\/li><li><strong>Laitteiden Eristys:<\/strong> Korkealaatuinen eristys erilaisille laitteille.<\/li><li><strong>Telinepalvelut:<\/strong> Telineiden asennus ja vuokraus vaativiin projekteihin.<\/li><\/ul>\t\t\t\t\t\t\t\t<\/div>\n\t\t\t\t<\/div>\n\t\t\t\t<div class=\"elementor-element elementor-element-b61bbf0 elementor-widget elementor-widget-heading\" data-id=\"b61bbf0\" data-element_type=\"widget\" data-widget_type=\"heading.default\">\n\t\t\t\t<div class=\"elementor-widget-container\">\n\t\t\t\t\t<h2 class=\"elementor-heading-title elementor-size-default\">K\u00e4ynniss\u00e4 Olevat Projektit<\/h2>\t\t\t\t<\/div>\n\t\t\t\t<\/div>\n\t\t\t\t<div class=\"elementor-element elementor-element-67628d9 elementor-widget elementor-widget-text-editor\" data-id=\"67628d9\" data-element_type=\"widget\" data-widget_type=\"text-editor.default\">\n\t\t\t\t<div class=\"elementor-widget-container\">\n\t\t\t\t\t\t\t\t\t<p>T\u00e4ll\u00e4 hetkell\u00e4 ty\u00f6skentelemme useiden kansainv\u00e4listen ja paikallisten projektien parissa. Jokainen projekti on ainutlaatuinen, ja tiimimme on sitoutunut tarjoamaan parhaat eristysratkaisut asiakkaan tarpeiden ja projektien vaatimusten mukaisesti. Alla on yksityiskohtainen luettelo k\u00e4ynniss\u00e4 olevista projekteistamme.<\/p>\t\t\t\t\t\t\t\t<\/div>\n\t\t\t\t<\/div>\n\t\t\t\t<div class=\"elementor-element elementor-element-5419b79 elementor-widget elementor-widget-heading\" data-id=\"5419b79\" data-element_type=\"widget\" data-widget_type=\"heading.default\">\n\t\t\t\t<div class=\"elementor-widget-container\">\n\t\t\t\t\t<h3 class=\"elementor-heading-title elementor-size-default\">Laatu ja Luotettavuus<\/h3>\t\t\t\t<\/div>\n\t\t\t\t<\/div>\n\t\t\t\t<div class=\"elementor-element elementor-element-8eb6c10 elementor-widget elementor-widget-text-editor\" data-id=\"8eb6c10\" data-element_type=\"widget\" data-widget_type=\"text-editor.default\">\n\t\t\t\t<div class=\"elementor-widget-container\">\n\t\t\t\t\t\t\t\t\t<p>BTIsolatsioon O\u00dc on sitoutunut laatuun ja pitk\u00e4aikaisiin yhteisty\u00f6suhteisiin. Tavoitteenamme on tarjota luotettavia eristysratkaisuja, jotka auttavat v\u00e4hent\u00e4m\u00e4\u00e4n energiakustannuksia, lis\u00e4\u00e4m\u00e4\u00e4n j\u00e4rjestelmien kest\u00e4vyytt\u00e4 ja t\u00e4ytt\u00e4m\u00e4\u00e4n kansainv\u00e4liset standardit.<\/p><p><strong>Ota yhteytt\u00e4 ja pyyd\u00e4 tarjous eristysprojektiisi!\u00a0<a href=\"https:\/\/btisolatsioon.ee\/fi\/bti-yhteystiedot\/\" target=\"_blank\" rel=\"noopener\">BTI Yhteystiedot<\/a><\/strong><\/p>\t\t\t\t\t\t\t\t<\/div>\n\t\t\t\t<\/div>\n\t\t\t\t<div class=\"elementor-element elementor-element-89b22d7 elementor-widget elementor-widget-heading\" data-id=\"89b22d7\" data-element_type=\"widget\" data-widget_type=\"heading.default\">\n\t\t\t\t<div class=\"elementor-widget-container\">\n\t\t\t\t\t<h2 class=\"elementor-heading-title elementor-size-default\">T\u00e4ll\u00e4 hetkell\u00e4 toteutettavat BTI-eristysty\u00f6t<\/h2>\t\t\t\t<\/div>\n\t\t\t\t<\/div>\n\t\t\t\t<div class=\"elementor-element elementor-element-161904c elementor-widget elementor-widget-shortcode\" data-id=\"161904c\" data-element_type=\"widget\" data-widget_type=\"shortcode.default\">\n\t\t\t\t<div class=\"elementor-widget-container\">\n\t\t\t\t\t\t\t<div class=\"elementor-shortcode\">\t\t<div data-elementor-type=\"section\" data-elementor-id=\"4206\" class=\"elementor elementor-4206\">\n\t\t\t\t<div class=\"elementor-element elementor-element-ac9967b e-flex e-con-boxed e-con e-parent\" data-id=\"ac9967b\" data-element_type=\"container\" data-settings=\"{&quot;jet_parallax_layout_list&quot;:[]}\">\n\t\t\t\t\t<div class=\"e-con-inner\">\n\t\t\t\t<div class=\"elementor-element elementor-element-70f18d7 elementor-widget elementor-widget-jet-timeline\" data-id=\"70f18d7\" data-element_type=\"widget\" data-widget_type=\"jet-timeline.default\">\n\t\t\t\t<div class=\"elementor-widget-container\">\n\t\t\t\t\t<div class=\"elementor-jet-timeline jet-elements\"><div class=\"jet-timeline jet-timeline--align-center jet-timeline--align-middle\">\n\t<div class=\"jet-timeline__line\"><div class=\"jet-timeline__line-progress\"><\/div><\/div>\n\t<div class=\"jet-timeline-list\"><div class=\"jet-timeline-item  elementor-repeater-item-36dcde5-0 jet-timeline-item--image-inside\">\n\t<div class=\"timeline-item__card\">\n\t\t<div class=\"timeline-item__card-inner\">\n\t\t\t\t<div class=\"timeline-item__card-img\"><img fetchpriority=\"high\" decoding=\"async\" width=\"686\" height=\"386\" src=\"https:\/\/dev.btisolatsioon.ee\/wp-content\/uploads\/2025\/01\/Prantsusmaa-DS-Smith-Rouen-Paberivabrik-\u2013-56-MW-Biomassi-katlamaja.webp\" class=\"attachment-full size-full wp-image-6281\" alt=\"Ranska \u2013 DS Smith Rouenin paperitehdas \u2013 56 MW biomassakattila. Eristysty\u00f6t\" srcset=\"https:\/\/dev.btisolatsioon.ee\/wp-content\/uploads\/2025\/01\/Prantsusmaa-DS-Smith-Rouen-Paberivabrik-\u2013-56-MW-Biomassi-katlamaja.webp 686w, https:\/\/dev.btisolatsioon.ee\/wp-content\/uploads\/2025\/01\/Prantsusmaa-DS-Smith-Rouen-Paberivabrik-\u2013-56-MW-Biomassi-katlamaja-300x169.webp 300w\" sizes=\"(max-width: 686px) 100vw, 686px\" \/><\/div>\t\t\t\t<div class=\"timeline-item__card-content\">\n\t\t\t\t\t<div class=\"timeline-item__meta\"><\/div><h2 class=\"timeline-item__card-title\">Ranska \u2013 DS Smith Rouenin paperitehdas \u2013 56 MW biomassakattila. Eristysty\u00f6t 2024-2025<\/h2><div class=\"timeline-item__card-desc\"><p>Kattilan, kanavien, putkistojen ja laitteiden eristys- ja telineasennukset. Projektin arvioitu ty\u00f6m\u00e4\u00e4r\u00e4 sis\u00e4lt\u00e4\u00e4 <strong data-start=\"1664\" data-end=\"1676\">9 000 m\u00b2<\/strong> eristysty\u00f6t\u00e4 sek\u00e4 <strong data-start=\"1695\" data-end=\"1708\">25 000 m\u00b3<\/strong> telineasennuksia ja materiaalitoimituksia koko rakennusprojektiin.<\/p>\n<\/div>\t\t\t\t<\/div>\n\t\t\t\t\t\t<\/div>\n\t\t<div class=\"timeline-item__card-arrow\"><\/div>\n\t<\/div>\n\t<div class=\"timeline-item__point\"><div class=\"timeline-item__point-content timeline-item__point-content--icon\"><span class=\"jet-elements-icon\"><svg aria-hidden=\"true\" class=\"e-font-icon-svg e-fas-calendar-alt\" viewBox=\"0 0 448 512\" xmlns=\"http:\/\/www.w3.org\/2000\/svg\"><path d=\"M0 464c0 26.5 21.5 48 48 48h352c26.5 0 48-21.5 48-48V192H0v272zm320-196c0-6.6 5.4-12 12-12h40c6.6 0 12 5.4 12 12v40c0 6.6-5.4 12-12 12h-40c-6.6 0-12-5.4-12-12v-40zm0 128c0-6.6 5.4-12 12-12h40c6.6 0 12 5.4 12 12v40c0 6.6-5.4 12-12 12h-40c-6.6 0-12-5.4-12-12v-40zM192 268c0-6.6 5.4-12 12-12h40c6.6 0 12 5.4 12 12v40c0 6.6-5.4 12-12 12h-40c-6.6 0-12-5.4-12-12v-40zm0 128c0-6.6 5.4-12 12-12h40c6.6 0 12 5.4 12 12v40c0 6.6-5.4 12-12 12h-40c-6.6 0-12-5.4-12-12v-40zM64 268c0-6.6 5.4-12 12-12h40c6.6 0 12 5.4 12 12v40c0 6.6-5.4 12-12 12H76c-6.6 0-12-5.4-12-12v-40zm0 128c0-6.6 5.4-12 12-12h40c6.6 0 12 5.4 12 12v40c0 6.6-5.4 12-12 12H76c-6.6 0-12-5.4-12-12v-40zM400 64h-48V16c0-8.8-7.2-16-16-16h-32c-8.8 0-16 7.2-16 16v48H160V16c0-8.8-7.2-16-16-16h-32c-8.8 0-16 7.2-16 16v48H48C21.5 64 0 85.5 0 112v48h448v-48c0-26.5-21.5-48-48-48z\"><\/path><\/svg><\/span><\/div><\/div><div class=\"timeline-item__meta\"><\/div><\/div><div class=\"jet-timeline-item  elementor-repeater-item-36dcde5-1 jet-timeline-item--image-inside\">\n\t<div class=\"timeline-item__card\">\n\t\t<div class=\"timeline-item__card-inner\">\n\t\t\t\t<div class=\"timeline-item__card-img\"><img decoding=\"async\" width=\"686\" height=\"386\" src=\"https:\/\/dev.btisolatsioon.ee\/wp-content\/uploads\/2025\/01\/Borealis-Polymers-\u2013-Kilpilahti-tootmisuksus.-Kulmaisolatsioon.webp\" class=\"attachment-full size-full wp-image-6285\" alt=\"Borealis Polymers \u2013 Kilpilahden tuotantoyksikk\u00f6. Kylm\u00e4eristysty\u00f6t\" srcset=\"https:\/\/dev.btisolatsioon.ee\/wp-content\/uploads\/2025\/01\/Borealis-Polymers-\u2013-Kilpilahti-tootmisuksus.-Kulmaisolatsioon.webp 686w, https:\/\/dev.btisolatsioon.ee\/wp-content\/uploads\/2025\/01\/Borealis-Polymers-\u2013-Kilpilahti-tootmisuksus.-Kulmaisolatsioon-300x169.webp 300w\" sizes=\"(max-width: 686px) 100vw, 686px\" \/><\/div>\t\t\t\t<div class=\"timeline-item__card-content\">\n\t\t\t\t\t<div class=\"timeline-item__meta\"><\/div><h2 class=\"timeline-item__card-title\">Borealis Polymers \u2013 Kilpilahden tuotantoyksikk\u00f6. Kylm\u00e4eristysty\u00f6t k\u00e4ynniss\u00e4 vuodesta 2024<\/h2><div class=\"timeline-item__card-desc\"><p>Kylm\u00e4eristysty\u00f6t ja telineasennukset butadieenin nestekaasus\u00e4ili\u00f6lle ja putkistoille. Projektin arvioitu ty\u00f6m\u00e4\u00e4r\u00e4 sis\u00e4lt\u00e4\u00e4 <strong data-start=\"1997\" data-end=\"2009\">2 000 m\u00b2<\/strong> eristysty\u00f6t\u00e4 sek\u00e4 <strong data-start=\"2028\" data-end=\"2041\">15 000 m\u00b3<\/strong> telineasennuksia ja materiaalitoimituksia koko rakennusprojektiin.<\/p>\n<\/div>\t\t\t\t<\/div>\n\t\t\t\t\t\t<\/div>\n\t\t<div class=\"timeline-item__card-arrow\"><\/div>\n\t<\/div>\n\t<div class=\"timeline-item__point\"><div class=\"timeline-item__point-content timeline-item__point-content--icon\"><span class=\"jet-elements-icon\"><svg aria-hidden=\"true\" class=\"e-font-icon-svg e-fas-calendar-alt\" viewBox=\"0 0 448 512\" xmlns=\"http:\/\/www.w3.org\/2000\/svg\"><path d=\"M0 464c0 26.5 21.5 48 48 48h352c26.5 0 48-21.5 48-48V192H0v272zm320-196c0-6.6 5.4-12 12-12h40c6.6 0 12 5.4 12 12v40c0 6.6-5.4 12-12 12h-40c-6.6 0-12-5.4-12-12v-40zm0 128c0-6.6 5.4-12 12-12h40c6.6 0 12 5.4 12 12v40c0 6.6-5.4 12-12 12h-40c-6.6 0-12-5.4-12-12v-40zM192 268c0-6.6 5.4-12 12-12h40c6.6 0 12 5.4 12 12v40c0 6.6-5.4 12-12 12h-40c-6.6 0-12-5.4-12-12v-40zm0 128c0-6.6 5.4-12 12-12h40c6.6 0 12 5.4 12 12v40c0 6.6-5.4 12-12 12h-40c-6.6 0-12-5.4-12-12v-40zM64 268c0-6.6 5.4-12 12-12h40c6.6 0 12 5.4 12 12v40c0 6.6-5.4 12-12 12H76c-6.6 0-12-5.4-12-12v-40zm0 128c0-6.6 5.4-12 12-12h40c6.6 0 12 5.4 12 12v40c0 6.6-5.4 12-12 12H76c-6.6 0-12-5.4-12-12v-40zM400 64h-48V16c0-8.8-7.2-16-16-16h-32c-8.8 0-16 7.2-16 16v48H160V16c0-8.8-7.2-16-16-16h-32c-8.8 0-16 7.2-16 16v48H48C21.5 64 0 85.5 0 112v48h448v-48c0-26.5-21.5-48-48-48z\"><\/path><\/svg><\/span><\/div><\/div><div class=\"timeline-item__meta\"><\/div><\/div><div class=\"jet-timeline-item  elementor-repeater-item-36dcde5-2 jet-timeline-item--image-inside\">\n\t<div class=\"timeline-item__card\">\n\t\t<div class=\"timeline-item__card-inner\">\n\t\t\t\t<div class=\"timeline-item__card-img\"><img decoding=\"async\" width=\"686\" height=\"386\" src=\"https:\/\/dev.btisolatsioon.ee\/wp-content\/uploads\/2025\/01\/Rootsi-\u2013-Erinevad-maakonnad.-Isolatsioonitood-1.webp\" class=\"attachment-full size-full wp-image-6289\" alt=\"Ruotsi \u2013 Eri maakunnat. Eristyst\u00f6iden aloitus vuonna 2024\" srcset=\"https:\/\/dev.btisolatsioon.ee\/wp-content\/uploads\/2025\/01\/Rootsi-\u2013-Erinevad-maakonnad.-Isolatsioonitood-1.webp 686w, https:\/\/dev.btisolatsioon.ee\/wp-content\/uploads\/2025\/01\/Rootsi-\u2013-Erinevad-maakonnad.-Isolatsioonitood-1-300x169.webp 300w\" sizes=\"(max-width: 686px) 100vw, 686px\" \/><\/div>\t\t\t\t<div class=\"timeline-item__card-content\">\n\t\t\t\t\t<div class=\"timeline-item__meta\"><\/div><h2 class=\"timeline-item__card-title\">Ruotsi \u2013 Eri maakunnat. Eristyst\u00f6iden aloitus vuonna 2024<\/h2><div class=\"timeline-item__card-desc\"><p>10 s\u00e4hk\u00f6suodattimen, savukaasukanavien ja putkistojen eristysty\u00f6t. Kokonaisurakan laajuus on <strong data-start=\"2270\" data-end=\"2282\">3 800 m\u00b2<\/strong> eristysty\u00f6t\u00e4.<\/p>\n<\/div>\t\t\t\t<\/div>\n\t\t\t\t\t\t<\/div>\n\t\t<div class=\"timeline-item__card-arrow\"><\/div>\n\t<\/div>\n\t<div class=\"timeline-item__point\"><div class=\"timeline-item__point-content timeline-item__point-content--icon\"><span class=\"jet-elements-icon\"><svg aria-hidden=\"true\" class=\"e-font-icon-svg e-fas-calendar-alt\" viewBox=\"0 0 448 512\" xmlns=\"http:\/\/www.w3.org\/2000\/svg\"><path d=\"M0 464c0 26.5 21.5 48 48 48h352c26.5 0 48-21.5 48-48V192H0v272zm320-196c0-6.6 5.4-12 12-12h40c6.6 0 12 5.4 12 12v40c0 6.6-5.4 12-12 12h-40c-6.6 0-12-5.4-12-12v-40zm0 128c0-6.6 5.4-12 12-12h40c6.6 0 12 5.4 12 12v40c0 6.6-5.4 12-12 12h-40c-6.6 0-12-5.4-12-12v-40zM192 268c0-6.6 5.4-12 12-12h40c6.6 0 12 5.4 12 12v40c0 6.6-5.4 12-12 12h-40c-6.6 0-12-5.4-12-12v-40zm0 128c0-6.6 5.4-12 12-12h40c6.6 0 12 5.4 12 12v40c0 6.6-5.4 12-12 12h-40c-6.6 0-12-5.4-12-12v-40zM64 268c0-6.6 5.4-12 12-12h40c6.6 0 12 5.4 12 12v40c0 6.6-5.4 12-12 12H76c-6.6 0-12-5.4-12-12v-40zm0 128c0-6.6 5.4-12 12-12h40c6.6 0 12 5.4 12 12v40c0 6.6-5.4 12-12 12H76c-6.6 0-12-5.4-12-12v-40zM400 64h-48V16c0-8.8-7.2-16-16-16h-32c-8.8 0-16 7.2-16 16v48H160V16c0-8.8-7.2-16-16-16h-32c-8.8 0-16 7.2-16 16v48H48C21.5 64 0 85.5 0 112v48h448v-48c0-26.5-21.5-48-48-48z\"><\/path><\/svg><\/span><\/div><\/div><div class=\"timeline-item__meta\"><\/div><\/div><div class=\"jet-timeline-item  elementor-repeater-item-36dcde5-3 jet-timeline-item--image-inside\">\n\t<div class=\"timeline-item__card\">\n\t\t<div class=\"timeline-item__card-inner\">\n\t\t\t\t<div class=\"timeline-item__card-img\"><img loading=\"lazy\" decoding=\"async\" width=\"686\" height=\"386\" src=\"https:\/\/dev.btisolatsioon.ee\/wp-content\/uploads\/2025\/01\/Maailma-suurimate-kruiisilaevade-ehitus-Rauma-ja-Turku-laevatehastes.webp\" class=\"attachment-full size-full wp-image-6293\" alt=\"Maailman suurimpien risteilyalusten rakentaminen Rauman ja Turun telakoilla\" srcset=\"https:\/\/dev.btisolatsioon.ee\/wp-content\/uploads\/2025\/01\/Maailma-suurimate-kruiisilaevade-ehitus-Rauma-ja-Turku-laevatehastes.webp 686w, https:\/\/dev.btisolatsioon.ee\/wp-content\/uploads\/2025\/01\/Maailma-suurimate-kruiisilaevade-ehitus-Rauma-ja-Turku-laevatehastes-300x169.webp 300w\" sizes=\"(max-width: 686px) 100vw, 686px\" \/><\/div>\t\t\t\t<div class=\"timeline-item__card-content\">\n\t\t\t\t\t<div class=\"timeline-item__meta\"><\/div><h2 class=\"timeline-item__card-title\">Maailman suurimpien risteilyalusten rakentaminen Rauman ja Turun telakoilla 2024-2025<\/h2><div class=\"timeline-item__card-desc\"><ul>\n<li>\n<p data-start=\"2395\" data-end=\"2582\"><strong data-start=\"2395\" data-end=\"2438\">Risteilyalus Icon 2 Star of the Seas:<\/strong> Moottorin pakokaasuputkien, ylikuumentuneiden h\u00f6yryputkien ja katalysaattoreiden eristysty\u00f6t. Arvioitu ty\u00f6m\u00e4\u00e4r\u00e4 on <strong data-start=\"2554\" data-end=\"2566\">6 000 m\u00b2<\/strong> eristysty\u00f6t\u00e4.<\/p>\n<\/li>\n<li>\n<p data-start=\"2395\" data-end=\"2582\"><strong data-start=\"2584\" data-end=\"2626\">Risteilyalus Icon 3 Star of the Seas:<\/strong> Moottorin pakokaasuputkien, ylikuumentuneiden h\u00f6yryputkien ja katalysaattoreiden eristysty\u00f6t. Arvioitu ty\u00f6m\u00e4\u00e4r\u00e4 on <strong data-start=\"2742\" data-end=\"2754\">5 000 m\u00b2<\/strong> eristysty\u00f6t\u00e4.<\/p>\n<\/li>\n<\/ul>\n<\/div>\t\t\t\t<\/div>\n\t\t\t\t\t\t<\/div>\n\t\t<div class=\"timeline-item__card-arrow\"><\/div>\n\t<\/div>\n\t<div class=\"timeline-item__point\"><div class=\"timeline-item__point-content timeline-item__point-content--icon\"><span class=\"jet-elements-icon\"><svg aria-hidden=\"true\" class=\"e-font-icon-svg e-fas-calendar-alt\" viewBox=\"0 0 448 512\" xmlns=\"http:\/\/www.w3.org\/2000\/svg\"><path d=\"M0 464c0 26.5 21.5 48 48 48h352c26.5 0 48-21.5 48-48V192H0v272zm320-196c0-6.6 5.4-12 12-12h40c6.6 0 12 5.4 12 12v40c0 6.6-5.4 12-12 12h-40c-6.6 0-12-5.4-12-12v-40zm0 128c0-6.6 5.4-12 12-12h40c6.6 0 12 5.4 12 12v40c0 6.6-5.4 12-12 12h-40c-6.6 0-12-5.4-12-12v-40zM192 268c0-6.6 5.4-12 12-12h40c6.6 0 12 5.4 12 12v40c0 6.6-5.4 12-12 12h-40c-6.6 0-12-5.4-12-12v-40zm0 128c0-6.6 5.4-12 12-12h40c6.6 0 12 5.4 12 12v40c0 6.6-5.4 12-12 12h-40c-6.6 0-12-5.4-12-12v-40zM64 268c0-6.6 5.4-12 12-12h40c6.6 0 12 5.4 12 12v40c0 6.6-5.4 12-12 12H76c-6.6 0-12-5.4-12-12v-40zm0 128c0-6.6 5.4-12 12-12h40c6.6 0 12 5.4 12 12v40c0 6.6-5.4 12-12 12H76c-6.6 0-12-5.4-12-12v-40zM400 64h-48V16c0-8.8-7.2-16-16-16h-32c-8.8 0-16 7.2-16 16v48H160V16c0-8.8-7.2-16-16-16h-32c-8.8 0-16 7.2-16 16v48H48C21.5 64 0 85.5 0 112v48h448v-48c0-26.5-21.5-48-48-48z\"><\/path><\/svg><\/span><\/div><\/div><div class=\"timeline-item__meta\"><\/div><\/div><\/div><\/div><\/div>\t\t\t\t<\/div>\n\t\t\t\t<\/div>\n\t\t\t\t\t<\/div>\n\t\t\t\t<\/div>\n\t\t\t\t<\/div>\n\t\t\n<\/div>\n\t\t\t\t\t\t<\/div>\n\t\t\t\t<\/div>\n\t\t\t\t<div class=\"elementor-element elementor-element-900318a elementor-align-center elementor-widget elementor-widget-button\" data-id=\"900318a\" data-element_type=\"widget\" data-widget_type=\"button.default\">\n\t\t\t\t<div class=\"elementor-widget-container\">\n\t\t\t\t\t\t\t\t\t<div class=\"elementor-button-wrapper\">\n\t\t\t\t\t<a class=\"elementor-button elementor-button-link elementor-size-sm elementor-animation-shrink\" href=\"https:\/\/btisolatsioon.ee\/fi\/valmistuneet-teollisuuseristystyot\/\">\n\t\t\t\t\t\t<span class=\"elementor-button-content-wrapper\">\n\t\t\t\t\t\t\t\t\t<span class=\"elementor-button-text\">Katso kaikki valmistuneet eristysty\u00f6mme<\/span>\n\t\t\t\t\t<\/span>\n\t\t\t\t\t<\/a>\n\t\t\t\t<\/div>\n\t\t\t\t\t\t\t\t<\/div>\n\t\t\t\t<\/div>\n\t\t\t\t\t<\/div>\n\t\t\t\t<\/div>\n\t\t\t\t<\/div>\n\t\t","protected":false},"excerpt":{"rendered":"<p>K\u00e4ynniss\u00e4 olevat teollisuuseristysty\u00f6t K\u00e4ynniss\u00e4 olevat eristysprojektit \u2013 Parhaat ratkaisut projekteillesi BTIsolatsioon O\u00dc on eristyst\u00f6iden johtava yritys, joka tarjoaa korkealaatuisia ja luotettavia eristysratkaisuja sek\u00e4 Virossa ett\u00e4 kansainv\u00e4lisesti. Tiimimme koostuu korkeasti koulutetuista asiantuntijoista, jotka takaavat ty\u00f6n korkeimman laadun ja aikatauluissa pysymisen. K\u00e4ynniss\u00e4 olevat eristysprojektimme kattavat laajan valikoiman teollisuudenaloja, kuten teollisuuslaitokset, energiantuotanto ja sellutehtaat. Miksi valita BTIsolatsioon? Kokemus: [&hellip;]<\/p>\n","protected":false},"author":1,"featured_media":0,"parent":0,"menu_order":0,"comment_status":"closed","ping_status":"closed","template":"full-width.php","meta":{"_acf_changed":false,"footnotes":""},"class_list":["post-3869","page","type-page","status-publish","hentry"],"acf":[],"_links":{"self":[{"href":"https:\/\/dev.btisolatsioon.ee\/fi\/wp-json\/wp\/v2\/pages\/3869","targetHints":{"allow":["GET"]}}],"collection":[{"href":"https:\/\/dev.btisolatsioon.ee\/fi\/wp-json\/wp\/v2\/pages"}],"about":[{"href":"https:\/\/dev.btisolatsioon.ee\/fi\/wp-json\/wp\/v2\/types\/page"}],"author":[{"embeddable":true,"href":"https:\/\/dev.btisolatsioon.ee\/fi\/wp-json\/wp\/v2\/users\/1"}],"replies":[{"embeddable":true,"href":"https:\/\/dev.btisolatsioon.ee\/fi\/wp-json\/wp\/v2\/comments?post=3869"}],"version-history":[{"count":5,"href":"https:\/\/dev.btisolatsioon.ee\/fi\/wp-json\/wp\/v2\/pages\/3869\/revisions"}],"predecessor-version":[{"id":6702,"href":"https:\/\/dev.btisolatsioon.ee\/fi\/wp-json\/wp\/v2\/pages\/3869\/revisions\/6702"}],"wp:attachment":[{"href":"https:\/\/dev.btisolatsioon.ee\/fi\/wp-json\/wp\/v2\/media?parent=3869"}],"curies":[{"name":"wp","href":"https:\/\/api.w.org\/{rel}","templated":true}]}}