{"id":3903,"date":"2024-12-19T06:06:45","date_gmt":"2024-12-19T06:06:45","guid":{"rendered":"https:\/\/dev.btisolatsioon.ee\/?page_id=3903"},"modified":"2025-03-07T06:29:50","modified_gmt":"2025-03-07T06:29:50","slug":"tyopaikka","status":"publish","type":"page","link":"https:\/\/dev.btisolatsioon.ee\/fi\/tyopaikka\/","title":{"rendered":"Ty\u00f6paikka"},"content":{"rendered":"\t\t<div data-elementor-type=\"wp-page\" data-elementor-id=\"3903\" class=\"elementor elementor-3903 elementor-3880\">\n\t\t\t\t<div class=\"elementor-element elementor-element-3b9dd71 e-flex e-con-boxed e-con e-parent\" data-id=\"3b9dd71\" data-element_type=\"container\" data-settings=\"{&quot;background_background&quot;:&quot;classic&quot;,&quot;jet_parallax_layout_list&quot;:[]}\">\n\t\t\t\t\t<div class=\"e-con-inner\">\n\t\t\t\t<div class=\"elementor-element elementor-element-8f28e8e elementor-align-center elementor-invisible elementor-widget elementor-widget-raven-heading\" data-id=\"8f28e8e\" data-element_type=\"widget\" data-settings=\"{&quot;_animation&quot;:&quot;slideInLeft&quot;}\" data-widget_type=\"raven-heading.default\">\n\t\t\t\t<div class=\"elementor-widget-container\">\n\t\t\t\t\t\t\t<div class=\"raven-widget-wrapper\"><h1 class=\"raven-heading raven-heading-h1\"><span class=\"raven-heading-title \">Ty\u00f6paikka<\/span><\/h1><\/div>\n\t\t\t\t\t\t<\/div>\n\t\t\t\t<\/div>\n\t\t\t\t\t<\/div>\n\t\t\t\t<\/div>\n\t\t<div class=\"elementor-element elementor-element-516fa09 e-flex e-con-boxed e-con e-parent\" data-id=\"516fa09\" data-element_type=\"container\" data-settings=\"{&quot;jet_parallax_layout_list&quot;:[]}\">\n\t\t\t\t\t<div class=\"e-con-inner\">\n\t\t\t\t<div class=\"elementor-element elementor-element-a890851 elementor-widget elementor-widget-heading\" data-id=\"a890851\" data-element_type=\"widget\" data-widget_type=\"heading.default\">\n\t\t\t\t<div class=\"elementor-widget-container\">\n\t\t\t\t\t<h2 class=\"elementor-heading-title elementor-size-default\">Ty\u00f6paikka \u2013 LIITY TIIMIIMME!<\/h2>\t\t\t\t<\/div>\n\t\t\t\t<\/div>\n\t\t\t\t<div class=\"elementor-element elementor-element-583d1f4 elementor-widget elementor-widget-text-editor\" data-id=\"583d1f4\" data-element_type=\"widget\" data-widget_type=\"text-editor.default\">\n\t\t\t\t<div class=\"elementor-widget-container\">\n\t\t\t\t\t\t\t\t\t<p>BTI on nopeasti kasvava yritys, joka arvostaa ty\u00f6ntekij\u00f6it\u00e4\u00e4n. Tiimiss\u00e4mme Virossa ty\u00f6skentelee yli 90 henkil\u00f6\u00e4, ja koko organisaatiossa on yhteens\u00e4 yli 100 ty\u00f6ntekij\u00e4\u00e4. Tarjoamme ty\u00f6ntekij\u00f6illemme yst\u00e4v\u00e4llisen ja vakaan ty\u00f6ymp\u00e4rist\u00f6n, jossa vastuut ovat selke\u00e4sti m\u00e4\u00e4ritelty.<\/p><p>Tuemme ty\u00f6ntekij\u00f6idemme ammatillista kehityst\u00e4 toimivan koulutusj\u00e4rjestelm\u00e4n ja sis\u00e4isten kehittymismahdollisuuksien avulla. Tavoitteenamme on kasvattaa johtajia yrityksen sis\u00e4lt\u00e4 tarjoamalla uramahdollisuuksia sek\u00e4 varmistamalla, ett\u00e4 johtajamme ymm\u00e4rt\u00e4v\u00e4t yrityksen arvot ja kulttuurin ja ovat emotionaalisesti sitoutuneet BTIsolatsiooniin.<\/p><p>Jos olet aktiivinen, kunnianhimoinen ja tuloskeskeinen ja haluat ty\u00f6skennell\u00e4 teollisuusrakentamisen alalla, odotamme innolla hakemustasi! L\u00e4het\u00e4 hakemuksesi osoitteeseen <a rel=\"noopener\">info@btisolatsioon.ee<\/a> tai k\u00e4yt\u00e4 alla olevaa yhteydenottolomaketta, jonka l\u00f6yd\u00e4t t\u00e4\u00e4lt\u00e4: <a href=\"https:\/\/btisolatsioon.ee\/fi\/bti-yhteystiedot\/\" target=\"_blank\" rel=\"noopener\"><strong>BTI Yhteystiedot<\/strong><\/a><\/p>\t\t\t\t\t\t\t\t<\/div>\n\t\t\t\t<\/div>\n\t\t\t\t\t<\/div>\n\t\t\t\t<\/div>\n\t\t\t\t<\/div>\n\t\t","protected":false},"excerpt":{"rendered":"<p>Ty\u00f6paikka Ty\u00f6paikka \u2013 LIITY TIIMIIMME! BTI on nopeasti kasvava yritys, joka arvostaa ty\u00f6ntekij\u00f6it\u00e4\u00e4n. Tiimiss\u00e4mme Virossa ty\u00f6skentelee yli 90 henkil\u00f6\u00e4, ja koko organisaatiossa on yhteens\u00e4 yli 100 ty\u00f6ntekij\u00e4\u00e4. Tarjoamme ty\u00f6ntekij\u00f6illemme yst\u00e4v\u00e4llisen ja vakaan ty\u00f6ymp\u00e4rist\u00f6n, jossa vastuut ovat selke\u00e4sti m\u00e4\u00e4ritelty. Tuemme ty\u00f6ntekij\u00f6idemme ammatillista kehityst\u00e4 toimivan koulutusj\u00e4rjestelm\u00e4n ja sis\u00e4isten kehittymismahdollisuuksien avulla. Tavoitteenamme on kasvattaa johtajia yrityksen sis\u00e4lt\u00e4 tarjoamalla [&hellip;]<\/p>\n","protected":false},"author":1,"featured_media":0,"parent":0,"menu_order":0,"comment_status":"closed","ping_status":"closed","template":"elementor_header_footer","meta":{"_acf_changed":false,"footnotes":""},"class_list":["post-3903","page","type-page","status-publish","hentry"],"acf":[],"_links":{"self":[{"href":"https:\/\/dev.btisolatsioon.ee\/fi\/wp-json\/wp\/v2\/pages\/3903","targetHints":{"allow":["GET"]}}],"collection":[{"href":"https:\/\/dev.btisolatsioon.ee\/fi\/wp-json\/wp\/v2\/pages"}],"about":[{"href":"https:\/\/dev.btisolatsioon.ee\/fi\/wp-json\/wp\/v2\/types\/page"}],"author":[{"embeddable":true,"href":"https:\/\/dev.btisolatsioon.ee\/fi\/wp-json\/wp\/v2\/users\/1"}],"replies":[{"embeddable":true,"href":"https:\/\/dev.btisolatsioon.ee\/fi\/wp-json\/wp\/v2\/comments?post=3903"}],"version-history":[{"count":5,"href":"https:\/\/dev.btisolatsioon.ee\/fi\/wp-json\/wp\/v2\/pages\/3903\/revisions"}],"predecessor-version":[{"id":6720,"href":"https:\/\/dev.btisolatsioon.ee\/fi\/wp-json\/wp\/v2\/pages\/3903\/revisions\/6720"}],"wp:attachment":[{"href":"https:\/\/dev.btisolatsioon.ee\/fi\/wp-json\/wp\/v2\/media?parent=3903"}],"curies":[{"name":"wp","href":"https:\/\/api.w.org\/{rel}","templated":true}]}}